{"id":723,"date":"2025-08-27T22:12:33","date_gmt":"2025-08-27T22:12:33","guid":{"rendered":"http:\/\/xrrware.cluster100.hosting.ovh.net\/?page_id=723"},"modified":"2026-04-09T09:14:15","modified_gmt":"2026-04-09T09:14:15","slug":"desembouage-4","status":"publish","type":"page","link":"https:\/\/morgan-mpc.fr\/index.php\/desembouage-4\/","title":{"rendered":"D\u00e9sembouage"},"content":{"rendered":"<p>[et_pb_section fb_built=\u00a0\u00bb1&Prime; admin_label=\u00a0\u00bbHeader\u00a0\u00bb _builder_version=\u00a0\u00bb4.27.4&Prime; _module_preset=\u00a0\u00bbdefault\u00a0\u00bb min_height=\u00a0\u00bb580.5px\u00a0\u00bb custom_margin=\u00a0\u00bb-70px||||false|false\u00a0\u00bb hover_enabled=\u00a0\u00bb0&Prime; locked=\u00a0\u00bboff\u00a0\u00bb collapsed=\u00a0\u00bbon\u00a0\u00bb global_colors_info=\u00a0\u00bb{}\u00a0\u00bb sticky_enabled=\u00a0\u00bb0&Prime;][et_pb_row column_structure=\u00a0\u00bb1_2,1_2&Prime; _builder_version=\u00a0\u00bb4.27.4&Prime; _module_preset=\u00a0\u00bbdefault\u00a0\u00bb global_colors_info=\u00a0\u00bb{}\u00a0\u00bb][et_pb_column type=\u00a0\u00bb1_2&Prime; _builder_version=\u00a0\u00bb4.20.0&Prime; _module_preset=\u00a0\u00bbdefault\u00a0\u00bb global_colors_info=\u00a0\u00bb{}\u00a0\u00bb][et_pb_text _builder_version=\u00a0\u00bb4.27.4&Prime; _module_preset=\u00a0\u00bb4797af70-2ac9-448a-b91f-5a463320dc71&Prime; text_font=\u00a0\u00bb&#8211;et_global_body_font||||||||\u00a0\u00bb header_font=\u00a0\u00bb&#8211;et_global_body_font|500|||||||\u00a0\u00bb header_font_size=\u00a0\u00bb50px\u00a0\u00bb locked=\u00a0\u00bboff\u00a0\u00bb global_colors_info=\u00a0\u00bb{}\u00a0\u00bb]<\/p>\n<h1><strong>D\u00e9sembouage de votre installation de chauffage<\/strong><\/h1>\n<p>[\/et_pb_text][et_pb_text _builder_version=\u00a0\u00bb4.27.4&Prime; _module_preset=\u00a0\u00bb4797af70-2ac9-448a-b91f-5a463320dc71&Prime; text_font=\u00a0\u00bb&#8211;et_global_body_font||||||||\u00a0\u00bb header_font=\u00a0\u00bb&#8211;et_global_body_font|500|||||||\u00a0\u00bb header_font_size=\u00a0\u00bb23px\u00a0\u00bb locked=\u00a0\u00bboff\u00a0\u00bb global_colors_info=\u00a0\u00bb{}\u00a0\u00bb]<\/p>\n<h1>Votre chauffage met du temps \u00e0 monter en temp\u00e9rature ? Vos radiateurs sont ti\u00e8des, bruyants ou partiellement froids ? Ces signes indiquent probablement la pr\u00e9sence de boues dans votre circuit. Le d\u00e9sembouage est la solution efficace pour retrouver un chauffage performant et durable.<\/h1>\n<p>[\/et_pb_text][\/et_pb_column][et_pb_column type=\u00a0\u00bb1_2&Prime; _builder_version=\u00a0\u00bb4.20.0&Prime; _module_preset=\u00a0\u00bbdefault\u00a0\u00bb global_colors_info=\u00a0\u00bb{}\u00a0\u00bb][et_pb_image src=\u00a0\u00bbhttps:\/\/morgan-mpc.fr\/wp-content\/uploads\/2025\/10\/Desembouage-3-scaled.jpg\u00a0\u00bb title_text=\u00a0\u00bbD\u00e9sembouage\u00a0\u00bb _builder_version=\u00a0\u00bb4.27.4&Prime; _module_preset=\u00a0\u00bbdefault\u00a0\u00bb animation_style=\u00a0\u00bbfold\u00a0\u00bb border_radii=\u00a0\u00bbon|50px|50px|50px|50px\u00a0\u00bb box_shadow_style=\u00a0\u00bbpreset6&Prime; global_colors_info=\u00a0\u00bb{}\u00a0\u00bb][\/et_pb_image][\/et_pb_column][\/et_pb_row][\/et_pb_section][et_pb_section fb_built=\u00a0\u00bb1&Prime; specialty=\u00a0\u00bbon\u00a0\u00bb admin_label=\u00a0\u00bbServices\u00a0\u00bb _builder_version=\u00a0\u00bb4.20.0&Prime; _module_preset=\u00a0\u00bbdefault\u00a0\u00bb locked=\u00a0\u00bboff\u00a0\u00bb collapsed=\u00a0\u00bbon\u00a0\u00bb global_colors_info=\u00a0\u00bb{}\u00a0\u00bb][et_pb_column type=\u00a0\u00bb1_2&Prime; _builder_version=\u00a0\u00bb4.16&Prime; _module_preset=\u00a0\u00bbdefault\u00a0\u00bb custom_padding=\u00a0\u00bb|||\u00a0\u00bb global_colors_info=\u00a0\u00bb{}\u00a0\u00bb custom_padding__hover=\u00a0\u00bb|||\u00a0\u00bb][et_pb_text _builder_version=\u00a0\u00bb4.27.4&Prime; _module_preset=\u00a0\u00bb2bf8b528-1310-487a-9072-b12e5c6a6ec0&Prime; header_font=\u00a0\u00bb&#8211;et_global_body_font||||||||\u00a0\u00bb header_2_font=\u00a0\u00bb&#8211;et_global_body_font|500|||||||\u00a0\u00bb animation_style=\u00a0\u00bbslide\u00a0\u00bb global_colors_info=\u00a0\u00bb{}\u00a0\u00bb]<\/p>\n<h2>Pourquoi r\u00e9aliser un d\u00e9sembouage ?<\/h2>\n<p>[\/et_pb_text][et_pb_text _builder_version=\u00a0\u00bb4.27.4&Prime; _module_preset=\u00a0\u00bbc480b4c8-52f0-4892-9235-35dab6b8aaef\u00a0\u00bb text_font=\u00a0\u00bb&#8211;et_global_body_font|500|||||||\u00a0\u00bb text_font_size=\u00a0\u00bb20px\u00a0\u00bb locked=\u00a0\u00bboff\u00a0\u00bb global_colors_info=\u00a0\u00bb{}\u00a0\u00bb]<\/p>\n<p>Au fil des ann\u00e9es, les circuits de chauffage accumulent des d\u00e9p\u00f4ts de boues issus de la corrosion et des impuret\u00e9s de l&rsquo;eau.<\/p>\n<p>[\/et_pb_text][et_pb_blurb title=\u00a0\u00bbChauffage moins efficace ?\u00a0\u00bb image_icon_background_color=\u00a0\u00bb#E02B20&Prime; _builder_version=\u00a0\u00bb4.27.4&Prime; _module_preset=\u00a0\u00bb0c8f52e2-7ce7-46a1-9df4-26d24c4bd457&Prime; header_level=\u00a0\u00bbh1&Prime; header_font=\u00a0\u00bb&#8211;et_global_body_font|700|||||||\u00a0\u00bb header_font_size=\u00a0\u00bb16px\u00a0\u00bb custom_margin=\u00a0\u00bb||10px||false|false\u00a0\u00bb animation_style=\u00a0\u00bbslide\u00a0\u00bb locked=\u00a0\u00bboff\u00a0\u00bb global_colors_info=\u00a0\u00bb{}\u00a0\u00bb]<\/p>\n<p>Vos radiateurs chauffent mal ou pas uniform\u00e9ment.<\/p>\n<p>[\/et_pb_blurb][et_pb_blurb title=\u00a0\u00bbConsommation qui grimpe ?\u00a0\u00bb image_icon_background_color=\u00a0\u00bb#E02B20&Prime; _builder_version=\u00a0\u00bb4.27.4&Prime; _module_preset=\u00a0\u00bb0c8f52e2-7ce7-46a1-9df4-26d24c4bd457&Prime; header_level=\u00a0\u00bbh1&Prime; header_font=\u00a0\u00bb&#8211;et_global_body_font|700|||||||\u00a0\u00bb header_font_size=\u00a0\u00bb16px\u00a0\u00bb custom_margin=\u00a0\u00bb||10px||false|false\u00a0\u00bb animation_style=\u00a0\u00bbslide\u00a0\u00bb locked=\u00a0\u00bboff\u00a0\u00bb global_colors_info=\u00a0\u00bb{}\u00a0\u00bb]<\/p>\n<p>Une installation encrass\u00e9e demande plus d&rsquo;\u00e9nergie pour chauffer.<\/p>\n<p>[\/et_pb_blurb][et_pb_blurb title=\u00a0\u00bbChaudi\u00e8re fragilis\u00e9e ?\u00a0\u00bb image_icon_background_color=\u00a0\u00bb#E02B20&Prime; _builder_version=\u00a0\u00bb4.27.4&Prime; _module_preset=\u00a0\u00bb0c8f52e2-7ce7-46a1-9df4-26d24c4bd457&Prime; header_level=\u00a0\u00bbh1&Prime; header_font=\u00a0\u00bb&#8211;et_global_body_font|700|||||||\u00a0\u00bb header_font_size=\u00a0\u00bb16px\u00a0\u00bb custom_margin=\u00a0\u00bb||10px||false|false\u00a0\u00bb animation_style=\u00a0\u00bbslide\u00a0\u00bb locked=\u00a0\u00bboff\u00a0\u00bb global_colors_info=\u00a0\u00bb{}\u00a0\u00bb]<\/p>\n<p>Les boues peuvent provoquer des pannes ou r\u00e9duire sa dur\u00e9e de vie.<\/p>\n<p>[\/et_pb_blurb][et_pb_blurb title=\u00a0\u00bbUn d\u00e9sembouage r\u00e9gulier (tous les 5 \u00e0 10 ans selon votre installation) permet :\u00a0\u00bb image_icon_background_color=\u00a0\u00bb#E02B20&Prime; _builder_version=\u00a0\u00bb4.27.4&Prime; _module_preset=\u00a0\u00bb0c8f52e2-7ce7-46a1-9df4-26d24c4bd457&Prime; header_level=\u00a0\u00bbh1&Prime; header_font=\u00a0\u00bb&#8211;et_global_body_font|700|||||||\u00a0\u00bb header_font_size=\u00a0\u00bb16px\u00a0\u00bb custom_margin=\u00a0\u00bb||10px||false|false\u00a0\u00bb animation_style=\u00a0\u00bbslide\u00a0\u00bb locked=\u00a0\u00bboff\u00a0\u00bb global_colors_info=\u00a0\u00bb{}\u00a0\u00bb]<\/p>\n<p>Un rendement optimis\u00e9, une chaleur homog\u00e8ne dans toute la maison, une r\u00e9duction des pannes et jusqu&rsquo;\u00e0 15% d&rsquo;\u00e9conomies d&rsquo;\u00e9nergie.<\/p>\n<p>[\/et_pb_blurb][\/et_pb_column][et_pb_column type=\u00a0\u00bb1_2&Prime; specialty_columns=\u00a0\u00bb2&Prime; _builder_version=\u00a0\u00bb4.16&Prime; _module_preset=\u00a0\u00bbdefault\u00a0\u00bb custom_padding=\u00a0\u00bb|||\u00a0\u00bb global_colors_info=\u00a0\u00bb{}\u00a0\u00bb custom_padding__hover=\u00a0\u00bb|||\u00a0\u00bb][et_pb_row_inner column_structure=\u00a0\u00bb1_2,1_2&Prime; use_custom_gutter=\u00a0\u00bbon\u00a0\u00bb gutter_width=\u00a0\u00bb2&Prime; _builder_version=\u00a0\u00bb4.20.0&Prime; _module_preset=\u00a0\u00bbdefault\u00a0\u00bb global_colors_info=\u00a0\u00bb{}\u00a0\u00bb][et_pb_column_inner type=\u00a0\u00bb1_2&Prime; saved_specialty_column_type=\u00a0\u00bb1_2&Prime; _builder_version=\u00a0\u00bb4.20.0&Prime; _module_preset=\u00a0\u00bbdefault\u00a0\u00bb custom_padding=\u00a0\u00bb5vw||||false|false\u00a0\u00bb custom_padding_tablet=\u00a0\u00bb5vw||||false|false\u00a0\u00bb custom_padding_phone=\u00a0\u00bb0vw||||false|false\u00a0\u00bb custom_padding_last_edited=\u00a0\u00bbon|tablet\u00a0\u00bb global_colors_info=\u00a0\u00bb{}\u00a0\u00bb][et_pb_image src=\u00a0\u00bbhttp:\/\/xrrware.cluster100.hosting.ovh.net\/wp-content\/uploads\/2025\/08\/Radiateur-froid-scaled.jpg\u00a0\u00bb title_text=\u00a0\u00bbRadiateur froid\u00a0\u00bb align=\u00a0\u00bbright\u00a0\u00bb _builder_version=\u00a0\u00bb4.27.4&Prime; _module_preset=\u00a0\u00bbdefault\u00a0\u00bb width=\u00a0\u00bb75%\u00a0\u00bb width_tablet=\u00a0\u00bb75%\u00a0\u00bb width_phone=\u00a0\u00bb100%\u00a0\u00bb width_last_edited=\u00a0\u00bbon|phone\u00a0\u00bb custom_margin=\u00a0\u00bb||30px||false|false\u00a0\u00bb box_shadow_style=\u00a0\u00bbpreset2&Prime; global_colors_info=\u00a0\u00bb{}\u00a0\u00bb][\/et_pb_image][\/et_pb_column_inner][et_pb_column_inner type=\u00a0\u00bb1_2&Prime; saved_specialty_column_type=\u00a0\u00bb1_2&Prime; _builder_version=\u00a0\u00bb4.20.0&Prime; _module_preset=\u00a0\u00bbdefault\u00a0\u00bb global_colors_info=\u00a0\u00bb{}\u00a0\u00bb][et_pb_image src=\u00a0\u00bbhttp:\/\/xrrware.cluster100.hosting.ovh.net\/wp-content\/uploads\/2025\/08\/desembouage.png\u00a0\u00bb title_text=\u00a0\u00bbdesembouage\u00a0\u00bb _builder_version=\u00a0\u00bb4.27.4&Prime; _module_preset=\u00a0\u00bbdefault\u00a0\u00bb width=\u00a0\u00bb90%\u00a0\u00bb width_tablet=\u00a0\u00bb90%\u00a0\u00bb width_phone=\u00a0\u00bb100%\u00a0\u00bb width_last_edited=\u00a0\u00bbon|phone\u00a0\u00bb custom_margin=\u00a0\u00bb||30px||false|false\u00a0\u00bb box_shadow_style=\u00a0\u00bbpreset2&Prime; global_colors_info=\u00a0\u00bb{}\u00a0\u00bb][\/et_pb_image][et_pb_image src=\u00a0\u00bbhttp:\/\/xrrware.cluster100.hosting.ovh.net\/wp-content\/uploads\/2025\/08\/Desembouage-2.webp\u00a0\u00bb title_text=\u00a0\u00bbD\u00e9sembouage 2&Prime; _builder_version=\u00a0\u00bb4.27.4&Prime; _module_preset=\u00a0\u00bbdefault\u00a0\u00bb box_shadow_style=\u00a0\u00bbpreset2&Prime; global_colors_info=\u00a0\u00bb{}\u00a0\u00bb][\/et_pb_image][\/et_pb_column_inner][\/et_pb_row_inner][\/et_pb_column][\/et_pb_section][et_pb_section fb_built=\u00a0\u00bb1&Prime; _builder_version=\u00a0\u00bb4.27.4&Prime; _module_preset=\u00a0\u00bbdefault\u00a0\u00bb locked=\u00a0\u00bboff\u00a0\u00bb global_colors_info=\u00a0\u00bb{}\u00a0\u00bb][et_pb_row column_structure=\u00a0\u00bb1_2,1_2&Prime; _builder_version=\u00a0\u00bb4.27.4&Prime; _module_preset=\u00a0\u00bbdefault\u00a0\u00bb global_colors_info=\u00a0\u00bb{}\u00a0\u00bb][et_pb_column type=\u00a0\u00bb1_2&Prime; _builder_version=\u00a0\u00bb4.27.4&Prime; _module_preset=\u00a0\u00bbdefault\u00a0\u00bb global_colors_info=\u00a0\u00bb{}\u00a0\u00bb][et_pb_text _builder_version=\u00a0\u00bb4.27.4&Prime; _module_preset=\u00a0\u00bb2bf8b528-1310-487a-9072-b12e5c6a6ec0&Prime; header_font=\u00a0\u00bb&#8211;et_global_body_font||||||||\u00a0\u00bb header_2_font=\u00a0\u00bb&#8211;et_global_body_font|500|||||||\u00a0\u00bb locked=\u00a0\u00bboff\u00a0\u00bb global_colors_info=\u00a0\u00bb{}\u00a0\u00bb]<\/p>\n<h2>Comment proc\u00e8de M.P.C. ?<\/h2>\n<p>[\/et_pb_text][et_pb_blurb title=\u00a0\u00bbDiagnostic pr\u00e9cis :\u00a0\u00bb use_icon=\u00a0\u00bbon\u00a0\u00bb font_icon=\u00a0\u00bb&#xf00c;||fa||900&Prime; icon_color=\u00a0\u00bb#FFFFFF\u00a0\u00bb image_icon_background_color=\u00a0\u00bb#E02B20&Prime; _builder_version=\u00a0\u00bb4.27.4&Prime; _module_preset=\u00a0\u00bb0c8f52e2-7ce7-46a1-9df4-26d24c4bd457&Prime; custom_margin=\u00a0\u00bb||10px||false|false\u00a0\u00bb animation_style=\u00a0\u00bbslide\u00a0\u00bb locked=\u00a0\u00bboff\u00a0\u00bb global_colors_info=\u00a0\u00bb{}\u00a0\u00bb]<\/p>\n<p>M.P.C. v\u00e9rifie l&rsquo;\u00e9tat du circuit et la pr\u00e9sence de boues.<\/p>\n<p>[\/et_pb_blurb][et_pb_blurb title=\u00a0\u00bbNettoyage complet :\u00a0\u00bb use_icon=\u00a0\u00bbon\u00a0\u00bb font_icon=\u00a0\u00bb&#xf00c;||fa||900&Prime; icon_color=\u00a0\u00bb#FFFFFF\u00a0\u00bb image_icon_background_color=\u00a0\u00bb#E02B20&Prime; _builder_version=\u00a0\u00bb4.27.4&Prime; _module_preset=\u00a0\u00bb0c8f52e2-7ce7-46a1-9df4-26d24c4bd457&Prime; custom_margin=\u00a0\u00bb||10px||false|false\u00a0\u00bb animation_style=\u00a0\u00bbslide\u00a0\u00bb locked=\u00a0\u00bboff\u00a0\u00bb global_colors_info=\u00a0\u00bb{}\u00a0\u00bb]<\/p>\n<p>Injection d&rsquo;eau sous pression et\/ou produit d\u00e9sembouant pour d\u00e9coller les d\u00e9p\u00f4ts.<\/p>\n<p>[\/et_pb_blurb][et_pb_blurb title=\u00a0\u00bbRin\u00e7age et contr\u00f4le :\u00a0\u00bb use_icon=\u00a0\u00bbon\u00a0\u00bb font_icon=\u00a0\u00bb&#xf00c;||fa||900&Prime; icon_color=\u00a0\u00bb#FFFFFF\u00a0\u00bb image_icon_background_color=\u00a0\u00bb#E02B20&Prime; _builder_version=\u00a0\u00bb4.27.4&Prime; _module_preset=\u00a0\u00bb0c8f52e2-7ce7-46a1-9df4-26d24c4bd457&Prime; custom_margin=\u00a0\u00bb||10px||false|false\u00a0\u00bb animation_style=\u00a0\u00bbslide\u00a0\u00bb locked=\u00a0\u00bboff\u00a0\u00bb global_colors_info=\u00a0\u00bb{}\u00a0\u00bb]<\/p>\n<p>Toutes les impuret\u00e9s sont \u00e9limin\u00e9es pour laisser une eau claire.<\/p>\n<p>[\/et_pb_blurb][et_pb_blurb title=\u00a0\u00bbProtection durable :\u00a0\u00bb use_icon=\u00a0\u00bbon\u00a0\u00bb font_icon=\u00a0\u00bb&#xf00c;||fa||900&Prime; icon_color=\u00a0\u00bb#FFFFFF\u00a0\u00bb image_icon_background_color=\u00a0\u00bb#E02B20&Prime; _builder_version=\u00a0\u00bb4.27.4&Prime; _module_preset=\u00a0\u00bb0c8f52e2-7ce7-46a1-9df4-26d24c4bd457&Prime; custom_margin=\u00a0\u00bb||10px||false|false\u00a0\u00bb animation_style=\u00a0\u00bbslide\u00a0\u00bb locked=\u00a0\u00bboff\u00a0\u00bb global_colors_info=\u00a0\u00bb{}\u00a0\u00bb]<\/p>\n<p>Ajout \u00e9ventuel d&rsquo;inhibiteur de corrosion pour ralentir la formation de boues.<\/p>\n<p>[\/et_pb_blurb][\/et_pb_column][et_pb_column type=\u00a0\u00bb1_2&Prime; _builder_version=\u00a0\u00bb4.27.4&Prime; _module_preset=\u00a0\u00bbdefault\u00a0\u00bb global_colors_info=\u00a0\u00bb{}\u00a0\u00bb][et_pb_image src=\u00a0\u00bbhttp:\/\/xrrware.cluster100.hosting.ovh.net\/wp-content\/uploads\/2025\/08\/Pompe-desembouage.jpg\u00a0\u00bb title_text=\u00a0\u00bbPompe d\u00e9sembouage\u00a0\u00bb _builder_version=\u00a0\u00bb4.27.4&Prime; _module_preset=\u00a0\u00bbdefault\u00a0\u00bb animation_style=\u00a0\u00bbslide\u00a0\u00bb box_shadow_style=\u00a0\u00bbpreset2&Prime; global_colors_info=\u00a0\u00bb{}\u00a0\u00bb][\/et_pb_image][\/et_pb_column][\/et_pb_row][\/et_pb_section][et_pb_section fb_built=\u00a0\u00bb1&Prime; admin_label=\u00a0\u00bbCTA\u00a0\u00bb _builder_version=\u00a0\u00bb4.27.4&Prime; _module_preset=\u00a0\u00bbdefault\u00a0\u00bb background_image=\u00a0\u00bbhttps:\/\/morgan-mpc.fr\/wp-content\/uploads\/2025\/08\/Interieur-maison-scaled.jpg\u00a0\u00bb background_size=\u00a0\u00bbinitial\u00a0\u00bb background_position=\u00a0\u00bbbottom_center\u00a0\u00bb width=\u00a0\u00bb100%\u00a0\u00bb min_height=\u00a0\u00bb445.5px\u00a0\u00bb custom_margin=\u00a0\u00bb||-100px||false|false\u00a0\u00bb animation_style=\u00a0\u00bbfade\u00a0\u00bb locked=\u00a0\u00bboff\u00a0\u00bb collapsed=\u00a0\u00bbon\u00a0\u00bb global_colors_info=\u00a0\u00bb{}\u00a0\u00bb][et_pb_row column_structure=\u00a0\u00bb1_2,1_2&Prime; _builder_version=\u00a0\u00bb4.20.0&Prime; _module_preset=\u00a0\u00bbdefault\u00a0\u00bb global_colors_info=\u00a0\u00bb{}\u00a0\u00bb][et_pb_column type=\u00a0\u00bb1_2&Prime; _builder_version=\u00a0\u00bb4.20.0&Prime; _module_preset=\u00a0\u00bbdefault\u00a0\u00bb global_colors_info=\u00a0\u00bb{}\u00a0\u00bb][et_pb_text _builder_version=\u00a0\u00bb4.27.4&Prime; _module_preset=\u00a0\u00bb2bf8b528-1310-487a-9072-b12e5c6a6ec0&Prime; text_text_color=\u00a0\u00bb#FFFFFF\u00a0\u00bb header_font=\u00a0\u00bb&#8211;et_global_body_font||||||||\u00a0\u00bb header_text_color=\u00a0\u00bb#FFFFFF\u00a0\u00bb header_2_font=\u00a0\u00bb&#8211;et_global_body_font|500|||||||\u00a0\u00bb animation_style=\u00a0\u00bbfade\u00a0\u00bb global_colors_info=\u00a0\u00bb{}\u00a0\u00bb]<\/p>\n<h2><span style=\"color: #ffffff;\">Retrouvez un chauffage performant et des factures all\u00e9g\u00e9es.<\/span><\/h2>\n<p>[\/et_pb_text][et_pb_text _builder_version=\u00a0\u00bb4.27.4&Prime; _module_preset=\u00a0\u00bbc480b4c8-52f0-4892-9235-35dab6b8aaef\u00a0\u00bb text_font=\u00a0\u00bb&#8211;et_global_body_font|500|||||||\u00a0\u00bb text_font_size=\u00a0\u00bb40px\u00a0\u00bb header_font=\u00a0\u00bb&#8211;et_global_body_font||||||||\u00a0\u00bb header_2_font=\u00a0\u00bb&#8211;et_global_body_font||||||||\u00a0\u00bb background_enable_color=\u00a0\u00bboff\u00a0\u00bb animation_style=\u00a0\u00bbfold\u00a0\u00bb global_colors_info=\u00a0\u00bb{}\u00a0\u00bb]<\/p>\n<p style=\"text-align: left;\"><span style=\"color: #ffffff;\"><strong>06.21.06.80.22<\/strong><\/span><\/p>\n<p>[\/et_pb_text][\/et_pb_column][et_pb_column type=\u00a0\u00bb1_2&Prime; _builder_version=\u00a0\u00bb4.20.0&Prime; _module_preset=\u00a0\u00bbdefault\u00a0\u00bb global_colors_info=\u00a0\u00bb{}\u00a0\u00bb][\/et_pb_column][\/et_pb_row][\/et_pb_section]<\/p>\n","protected":false},"excerpt":{"rendered":"<p>Votre chauffage met du temps \u00e0 monter en temp\u00e9rature ? Vos radiateurs sont ti\u00e8des, bruyants ou partiellement froids ? Ces signes indiquent probablement la pr\u00e9sence de boues dans votre circuit. Le d\u00e9sembouage est la solution efficace pour retrouver un chauffage performant et durable.<\/p>\n","protected":false},"author":1,"featured_media":729,"parent":0,"menu_order":0,"comment_status":"closed","ping_status":"closed","template":"","meta":{"_et_pb_use_builder":"on","_et_pb_old_content":"","_et_gb_content_width":"","footnotes":""},"class_list":["post-723","page","type-page","status-publish","has-post-thumbnail","hentry"],"yoast_head":"<!-- This site is optimized with the Yoast SEO plugin v25.8 - https:\/\/yoast.com\/wordpress\/plugins\/seo\/ -->\n<title>D\u00e9sembouage - M.P.C.<\/title>\n<meta name=\"robots\" content=\"index, follow, max-snippet:-1, max-image-preview:large, max-video-preview:-1\" \/>\n<link rel=\"canonical\" href=\"https:\/\/morgan-mpc.fr\/index.php\/desembouage-4\/\" \/>\n<meta property=\"og:locale\" content=\"fr_FR\" \/>\n<meta property=\"og:type\" content=\"article\" \/>\n<meta property=\"og:title\" content=\"D\u00e9sembouage - M.P.C.\" \/>\n<meta property=\"og:description\" content=\"Votre chauffage met du temps \u00e0 monter en temp\u00e9rature ? Vos radiateurs sont ti\u00e8des, bruyants ou partiellement froids ? Ces signes indiquent probablement la pr\u00e9sence de boues dans votre circuit. Le d\u00e9sembouage est la solution efficace pour retrouver un chauffage performant et durable.\" \/>\n<meta property=\"og:url\" content=\"https:\/\/morgan-mpc.fr\/index.php\/desembouage-4\/\" \/>\n<meta property=\"og:site_name\" content=\"M.P.C.\" \/>\n<meta property=\"article:publisher\" content=\"https:\/\/www.facebook.com\/people\/Morgan-Capron\/100094792437501\/\" \/>\n<meta property=\"article:modified_time\" content=\"2026-04-09T09:14:15+00:00\" \/>\n<meta property=\"og:image\" content=\"https:\/\/morgan-mpc.fr\/wp-content\/uploads\/2025\/08\/Desembouage-3-scaled.jpg\" \/>\n\t<meta property=\"og:image:width\" content=\"2560\" \/>\n\t<meta property=\"og:image:height\" content=\"1707\" \/>\n\t<meta property=\"og:image:type\" content=\"image\/jpeg\" \/>\n<meta name=\"twitter:card\" content=\"summary_large_image\" \/>\n<meta name=\"twitter:label1\" content=\"Dur\u00e9e de lecture estim\u00e9e\" \/>\n\t<meta name=\"twitter:data1\" content=\"3 minutes\" \/>\n<script type=\"application\/ld+json\" class=\"yoast-schema-graph\">{\"@context\":\"https:\/\/schema.org\",\"@graph\":[{\"@type\":\"WebPage\",\"@id\":\"https:\/\/morgan-mpc.fr\/index.php\/desembouage-4\/\",\"url\":\"https:\/\/morgan-mpc.fr\/index.php\/desembouage-4\/\",\"name\":\"D\u00e9sembouage - M.P.C.\",\"isPartOf\":{\"@id\":\"https:\/\/morgan-mpc.fr\/#website\"},\"primaryImageOfPage\":{\"@id\":\"https:\/\/morgan-mpc.fr\/index.php\/desembouage-4\/#primaryimage\"},\"image\":{\"@id\":\"https:\/\/morgan-mpc.fr\/index.php\/desembouage-4\/#primaryimage\"},\"thumbnailUrl\":\"https:\/\/morgan-mpc.fr\/wp-content\/uploads\/2025\/08\/Desembouage-3-scaled.jpg\",\"datePublished\":\"2025-08-27T22:12:33+00:00\",\"dateModified\":\"2026-04-09T09:14:15+00:00\",\"breadcrumb\":{\"@id\":\"https:\/\/morgan-mpc.fr\/index.php\/desembouage-4\/#breadcrumb\"},\"inLanguage\":\"fr-FR\",\"potentialAction\":[{\"@type\":\"ReadAction\",\"target\":[\"https:\/\/morgan-mpc.fr\/index.php\/desembouage-4\/\"]}]},{\"@type\":\"ImageObject\",\"inLanguage\":\"fr-FR\",\"@id\":\"https:\/\/morgan-mpc.fr\/index.php\/desembouage-4\/#primaryimage\",\"url\":\"https:\/\/morgan-mpc.fr\/wp-content\/uploads\/2025\/08\/Desembouage-3-scaled.jpg\",\"contentUrl\":\"https:\/\/morgan-mpc.fr\/wp-content\/uploads\/2025\/08\/Desembouage-3-scaled.jpg\",\"width\":2560,\"height\":1707,\"caption\":\"D\u00e9sembouage MPC Beauvais\"},{\"@type\":\"BreadcrumbList\",\"@id\":\"https:\/\/morgan-mpc.fr\/index.php\/desembouage-4\/#breadcrumb\",\"itemListElement\":[{\"@type\":\"ListItem\",\"position\":1,\"name\":\"Accueil\",\"item\":\"https:\/\/morgan-mpc.fr\/\"},{\"@type\":\"ListItem\",\"position\":2,\"name\":\"D\u00e9sembouage\"}]},{\"@type\":\"WebSite\",\"@id\":\"https:\/\/morgan-mpc.fr\/#website\",\"url\":\"https:\/\/morgan-mpc.fr\/\",\"name\":\"M.P.C.\",\"description\":\"Plombier-Chauffagiste\",\"publisher\":{\"@id\":\"https:\/\/morgan-mpc.fr\/#organization\"},\"potentialAction\":[{\"@type\":\"SearchAction\",\"target\":{\"@type\":\"EntryPoint\",\"urlTemplate\":\"https:\/\/morgan-mpc.fr\/?s={search_term_string}\"},\"query-input\":{\"@type\":\"PropertyValueSpecification\",\"valueRequired\":true,\"valueName\":\"search_term_string\"}}],\"inLanguage\":\"fr-FR\"},{\"@type\":\"Organization\",\"@id\":\"https:\/\/morgan-mpc.fr\/#organization\",\"name\":\"M.P.C.\",\"url\":\"https:\/\/morgan-mpc.fr\/\",\"logo\":{\"@type\":\"ImageObject\",\"inLanguage\":\"fr-FR\",\"@id\":\"https:\/\/morgan-mpc.fr\/#\/schema\/logo\/image\/\",\"url\":\"http:\/\/xrrware.cluster100.hosting.ovh.net\/wp-content\/uploads\/2025\/07\/cropped-LOGO.png\",\"contentUrl\":\"http:\/\/xrrware.cluster100.hosting.ovh.net\/wp-content\/uploads\/2025\/07\/cropped-LOGO.png\",\"width\":512,\"height\":512,\"caption\":\"M.P.C.\"},\"image\":{\"@id\":\"https:\/\/morgan-mpc.fr\/#\/schema\/logo\/image\/\"},\"sameAs\":[\"https:\/\/www.facebook.com\/people\/Morgan-Capron\/100094792437501\/\"]}]}<\/script>\n<!-- \/ Yoast SEO plugin. -->","yoast_head_json":{"title":"D\u00e9sembouage - M.P.C.","robots":{"index":"index","follow":"follow","max-snippet":"max-snippet:-1","max-image-preview":"max-image-preview:large","max-video-preview":"max-video-preview:-1"},"canonical":"https:\/\/morgan-mpc.fr\/index.php\/desembouage-4\/","og_locale":"fr_FR","og_type":"article","og_title":"D\u00e9sembouage - M.P.C.","og_description":"Votre chauffage met du temps \u00e0 monter en temp\u00e9rature ? Vos radiateurs sont ti\u00e8des, bruyants ou partiellement froids ? Ces signes indiquent probablement la pr\u00e9sence de boues dans votre circuit. Le d\u00e9sembouage est la solution efficace pour retrouver un chauffage performant et durable.","og_url":"https:\/\/morgan-mpc.fr\/index.php\/desembouage-4\/","og_site_name":"M.P.C.","article_publisher":"https:\/\/www.facebook.com\/people\/Morgan-Capron\/100094792437501\/","article_modified_time":"2026-04-09T09:14:15+00:00","og_image":[{"width":2560,"height":1707,"url":"https:\/\/morgan-mpc.fr\/wp-content\/uploads\/2025\/08\/Desembouage-3-scaled.jpg","type":"image\/jpeg"}],"twitter_card":"summary_large_image","twitter_misc":{"Dur\u00e9e de lecture estim\u00e9e":"3 minutes"},"schema":{"@context":"https:\/\/schema.org","@graph":[{"@type":"WebPage","@id":"https:\/\/morgan-mpc.fr\/index.php\/desembouage-4\/","url":"https:\/\/morgan-mpc.fr\/index.php\/desembouage-4\/","name":"D\u00e9sembouage - M.P.C.","isPartOf":{"@id":"https:\/\/morgan-mpc.fr\/#website"},"primaryImageOfPage":{"@id":"https:\/\/morgan-mpc.fr\/index.php\/desembouage-4\/#primaryimage"},"image":{"@id":"https:\/\/morgan-mpc.fr\/index.php\/desembouage-4\/#primaryimage"},"thumbnailUrl":"https:\/\/morgan-mpc.fr\/wp-content\/uploads\/2025\/08\/Desembouage-3-scaled.jpg","datePublished":"2025-08-27T22:12:33+00:00","dateModified":"2026-04-09T09:14:15+00:00","breadcrumb":{"@id":"https:\/\/morgan-mpc.fr\/index.php\/desembouage-4\/#breadcrumb"},"inLanguage":"fr-FR","potentialAction":[{"@type":"ReadAction","target":["https:\/\/morgan-mpc.fr\/index.php\/desembouage-4\/"]}]},{"@type":"ImageObject","inLanguage":"fr-FR","@id":"https:\/\/morgan-mpc.fr\/index.php\/desembouage-4\/#primaryimage","url":"https:\/\/morgan-mpc.fr\/wp-content\/uploads\/2025\/08\/Desembouage-3-scaled.jpg","contentUrl":"https:\/\/morgan-mpc.fr\/wp-content\/uploads\/2025\/08\/Desembouage-3-scaled.jpg","width":2560,"height":1707,"caption":"D\u00e9sembouage MPC Beauvais"},{"@type":"BreadcrumbList","@id":"https:\/\/morgan-mpc.fr\/index.php\/desembouage-4\/#breadcrumb","itemListElement":[{"@type":"ListItem","position":1,"name":"Accueil","item":"https:\/\/morgan-mpc.fr\/"},{"@type":"ListItem","position":2,"name":"D\u00e9sembouage"}]},{"@type":"WebSite","@id":"https:\/\/morgan-mpc.fr\/#website","url":"https:\/\/morgan-mpc.fr\/","name":"M.P.C.","description":"Plombier-Chauffagiste","publisher":{"@id":"https:\/\/morgan-mpc.fr\/#organization"},"potentialAction":[{"@type":"SearchAction","target":{"@type":"EntryPoint","urlTemplate":"https:\/\/morgan-mpc.fr\/?s={search_term_string}"},"query-input":{"@type":"PropertyValueSpecification","valueRequired":true,"valueName":"search_term_string"}}],"inLanguage":"fr-FR"},{"@type":"Organization","@id":"https:\/\/morgan-mpc.fr\/#organization","name":"M.P.C.","url":"https:\/\/morgan-mpc.fr\/","logo":{"@type":"ImageObject","inLanguage":"fr-FR","@id":"https:\/\/morgan-mpc.fr\/#\/schema\/logo\/image\/","url":"http:\/\/xrrware.cluster100.hosting.ovh.net\/wp-content\/uploads\/2025\/07\/cropped-LOGO.png","contentUrl":"http:\/\/xrrware.cluster100.hosting.ovh.net\/wp-content\/uploads\/2025\/07\/cropped-LOGO.png","width":512,"height":512,"caption":"M.P.C."},"image":{"@id":"https:\/\/morgan-mpc.fr\/#\/schema\/logo\/image\/"},"sameAs":["https:\/\/www.facebook.com\/people\/Morgan-Capron\/100094792437501\/"]}]}},"_links":{"self":[{"href":"https:\/\/morgan-mpc.fr\/index.php\/wp-json\/wp\/v2\/pages\/723","targetHints":{"allow":["GET"]}}],"collection":[{"href":"https:\/\/morgan-mpc.fr\/index.php\/wp-json\/wp\/v2\/pages"}],"about":[{"href":"https:\/\/morgan-mpc.fr\/index.php\/wp-json\/wp\/v2\/types\/page"}],"author":[{"embeddable":true,"href":"https:\/\/morgan-mpc.fr\/index.php\/wp-json\/wp\/v2\/users\/1"}],"replies":[{"embeddable":true,"href":"https:\/\/morgan-mpc.fr\/index.php\/wp-json\/wp\/v2\/comments?post=723"}],"version-history":[{"count":18,"href":"https:\/\/morgan-mpc.fr\/index.php\/wp-json\/wp\/v2\/pages\/723\/revisions"}],"predecessor-version":[{"id":1168,"href":"https:\/\/morgan-mpc.fr\/index.php\/wp-json\/wp\/v2\/pages\/723\/revisions\/1168"}],"wp:featuredmedia":[{"embeddable":true,"href":"https:\/\/morgan-mpc.fr\/index.php\/wp-json\/wp\/v2\/media\/729"}],"wp:attachment":[{"href":"https:\/\/morgan-mpc.fr\/index.php\/wp-json\/wp\/v2\/media?parent=723"}],"curies":[{"name":"wp","href":"https:\/\/api.w.org\/{rel}","templated":true}]}}