{"id":560,"date":"2025-08-19T13:50:24","date_gmt":"2025-08-19T13:50:24","guid":{"rendered":"http:\/\/xrrware.cluster100.hosting.ovh.net\/?page_id=560"},"modified":"2026-04-09T09:12:20","modified_gmt":"2026-04-09T09:12:20","slug":"depannage-entretien","status":"publish","type":"page","link":"https:\/\/morgan-mpc.fr\/index.php\/depannage-entretien\/","title":{"rendered":"D\u00e9pannage plomberie"},"content":{"rendered":"<p>[et_pb_section fb_built=\u00a0\u00bb1&Prime; admin_label=\u00a0\u00bbHeader\u00a0\u00bb _builder_version=\u00a0\u00bb4.27.4&Prime; _module_preset=\u00a0\u00bbdefault\u00a0\u00bb min_height=\u00a0\u00bb452.3px\u00a0\u00bb custom_margin=\u00a0\u00bb-65px||0px||false|false\u00a0\u00bb hover_enabled=\u00a0\u00bb0&Prime; locked=\u00a0\u00bboff\u00a0\u00bb collapsed=\u00a0\u00bbon\u00a0\u00bb global_colors_info=\u00a0\u00bb{}\u00a0\u00bb sticky_enabled=\u00a0\u00bb0&Prime;][et_pb_row column_structure=\u00a0\u00bb1_2,1_2&Prime; _builder_version=\u00a0\u00bb4.27.4&Prime; _module_preset=\u00a0\u00bbdefault\u00a0\u00bb global_colors_info=\u00a0\u00bb{}\u00a0\u00bb][et_pb_column type=\u00a0\u00bb1_2&Prime; _builder_version=\u00a0\u00bb4.20.0&Prime; _module_preset=\u00a0\u00bbdefault\u00a0\u00bb global_colors_info=\u00a0\u00bb{}\u00a0\u00bb][et_pb_text _builder_version=\u00a0\u00bb4.27.4&Prime; _module_preset=\u00a0\u00bb4797af70-2ac9-448a-b91f-5a463320dc71&Prime; text_font=\u00a0\u00bb&#8211;et_global_body_font||||||||\u00a0\u00bb header_font=\u00a0\u00bb&#8211;et_global_body_font|500|||||||\u00a0\u00bb header_font_size=\u00a0\u00bb50px\u00a0\u00bb locked=\u00a0\u00bboff\u00a0\u00bb global_colors_info=\u00a0\u00bb{}\u00a0\u00bb]<\/p>\n<h1><strong>D\u00e9pannage \/ Entretien Plomberie<\/strong><\/h1>\n<p>[\/et_pb_text][et_pb_text _builder_version=\u00a0\u00bb4.27.4&Prime; _module_preset=\u00a0\u00bb4797af70-2ac9-448a-b91f-5a463320dc71&Prime; text_font=\u00a0\u00bb&#8211;et_global_body_font||||||||\u00a0\u00bb header_font=\u00a0\u00bb&#8211;et_global_body_font|500|||||||\u00a0\u00bb header_font_size=\u00a0\u00bb25px\u00a0\u00bb locked=\u00a0\u00bboff\u00a0\u00bb global_colors_info=\u00a0\u00bb{}\u00a0\u00bb]<\/p>\n<h1>Une fuite soudaine ? Des tuyaux qui s&rsquo;entartrent ou s&rsquo;obstruent r\u00e9guli\u00e8rement ? M.P.C. assure le d\u00e9pannage d&rsquo;urgence et l&rsquo;entretien pr\u00e9ventif de vos tuyauteries.<\/h1>\n<p>[\/et_pb_text][\/et_pb_column][et_pb_column type=\u00a0\u00bb1_2&Prime; _builder_version=\u00a0\u00bb4.20.0&Prime; _module_preset=\u00a0\u00bbdefault\u00a0\u00bb global_colors_info=\u00a0\u00bb{}\u00a0\u00bb][et_pb_image src=\u00a0\u00bbhttps:\/\/morgan-mpc.fr\/wp-content\/uploads\/2025\/10\/Depannage-scaled.jpg\u00a0\u00bb title_text=\u00a0\u00bbD\u00e9pannage plomberie Le Coudray Saint Germer\u00a0\u00bb _builder_version=\u00a0\u00bb4.27.4&Prime; _module_preset=\u00a0\u00bbdefault\u00a0\u00bb animation_style=\u00a0\u00bbfold\u00a0\u00bb border_radii=\u00a0\u00bbon|50px|50px|50px|50px\u00a0\u00bb box_shadow_style=\u00a0\u00bbpreset6&Prime; global_colors_info=\u00a0\u00bb{}\u00a0\u00bb][\/et_pb_image][\/et_pb_column][\/et_pb_row][\/et_pb_section][et_pb_section fb_built=\u00a0\u00bb1&Prime; specialty=\u00a0\u00bbon\u00a0\u00bb admin_label=\u00a0\u00bbServices\u00a0\u00bb _builder_version=\u00a0\u00bb4.20.0&Prime; _module_preset=\u00a0\u00bbdefault\u00a0\u00bb locked=\u00a0\u00bboff\u00a0\u00bb collapsed=\u00a0\u00bbon\u00a0\u00bb global_colors_info=\u00a0\u00bb{}\u00a0\u00bb][et_pb_column type=\u00a0\u00bb1_2&Prime; _builder_version=\u00a0\u00bb4.16&Prime; _module_preset=\u00a0\u00bbdefault\u00a0\u00bb custom_padding=\u00a0\u00bb|||\u00a0\u00bb global_colors_info=\u00a0\u00bb{}\u00a0\u00bb custom_padding__hover=\u00a0\u00bb|||\u00a0\u00bb][et_pb_text _builder_version=\u00a0\u00bb4.27.4&Prime; _module_preset=\u00a0\u00bb2bf8b528-1310-487a-9072-b12e5c6a6ec0&Prime; header_font=\u00a0\u00bb&#8211;et_global_body_font||||||||\u00a0\u00bb header_2_font=\u00a0\u00bb&#8211;et_global_body_font|500|||||||\u00a0\u00bb animation_style=\u00a0\u00bbslide\u00a0\u00bb global_colors_info=\u00a0\u00bb{}\u00a0\u00bb]<\/p>\n<h2>Pourquoi entretenir et r\u00e9parer vos tuyauteries ?<\/h2>\n<p>[\/et_pb_text][et_pb_blurb title=\u00a0\u00bb\u00c9viter les fuites co\u00fbteuses :\u00a0\u00bb image_icon_background_color=\u00a0\u00bb#E02B20&Prime; _builder_version=\u00a0\u00bb4.27.4&Prime; _module_preset=\u00a0\u00bb0c8f52e2-7ce7-46a1-9df4-26d24c4bd457&Prime; header_level=\u00a0\u00bbh1&Prime; header_font=\u00a0\u00bb&#8211;et_global_body_font|700|||||||\u00a0\u00bb header_font_size=\u00a0\u00bb16px\u00a0\u00bb custom_margin=\u00a0\u00bb||10px||false|false\u00a0\u00bb animation_style=\u00a0\u00bbslide\u00a0\u00bb locked=\u00a0\u00bboff\u00a0\u00bb global_colors_info=\u00a0\u00bb{}\u00a0\u00bb]<\/p>\n<p>Une petite fissure peut rapidement causer un d\u00e9g\u00e2t des eaux.<\/p>\n<p>[\/et_pb_blurb][et_pb_blurb title=\u00a0\u00bbProlonger la dur\u00e9e de vie de vos installations :\u00a0\u00bb image_icon_background_color=\u00a0\u00bb#E02B20&Prime; _builder_version=\u00a0\u00bb4.27.4&Prime; _module_preset=\u00a0\u00bb0c8f52e2-7ce7-46a1-9df4-26d24c4bd457&Prime; header_font=\u00a0\u00bb&#8211;et_global_body_font|700|||||||\u00a0\u00bb header_font_size=\u00a0\u00bb16px\u00a0\u00bb custom_margin=\u00a0\u00bb||10px||false|false\u00a0\u00bb animation_style=\u00a0\u00bbslide\u00a0\u00bb locked=\u00a0\u00bboff\u00a0\u00bb global_colors_info=\u00a0\u00bb{}\u00a0\u00bb]<\/p>\n<p>Un entretien r\u00e9gulier pr\u00e9vient la corrosion et le tartre.<\/p>\n<p>[\/et_pb_blurb][et_pb_blurb title=\u00a0\u00bbAssurer une \u00e9vacuation optimale :\u00a0\u00bb image_icon_background_color=\u00a0\u00bb#E02B20&Prime; _builder_version=\u00a0\u00bb4.27.4&Prime; _module_preset=\u00a0\u00bb0c8f52e2-7ce7-46a1-9df4-26d24c4bd457&Prime; header_font=\u00a0\u00bb&#8211;et_global_body_font|700|||||||\u00a0\u00bb header_font_size=\u00a0\u00bb16px\u00a0\u00bb custom_margin=\u00a0\u00bb||10px||false|false\u00a0\u00bb animation_style=\u00a0\u00bbslide\u00a0\u00bb locked=\u00a0\u00bboff\u00a0\u00bb global_colors_info=\u00a0\u00bb{}\u00a0\u00bb]<\/p>\n<p>Des canalisations propres, sans bouchon, garantissent un meilleur confort.<\/p>\n<p>[\/et_pb_blurb][et_pb_blurb title=\u00a0\u00bbR\u00e9duire la consommation d&rsquo;eau et d&rsquo;\u00e9nergie :\u00a0\u00bb image_icon_background_color=\u00a0\u00bb#E02B20&Prime; _builder_version=\u00a0\u00bb4.27.4&Prime; _module_preset=\u00a0\u00bb0c8f52e2-7ce7-46a1-9df4-26d24c4bd457&Prime; header_font=\u00a0\u00bb&#8211;et_global_body_font|700|||||||\u00a0\u00bb header_font_size=\u00a0\u00bb16px\u00a0\u00bb custom_margin=\u00a0\u00bb||10px||false|false\u00a0\u00bb animation_style=\u00a0\u00bbslide\u00a0\u00bb locked=\u00a0\u00bboff\u00a0\u00bb global_colors_info=\u00a0\u00bb{}\u00a0\u00bb]<\/p>\n<p>Des conduits en bon \u00e9tat optimisent votre installation sanitaire.<\/p>\n<p>[\/et_pb_blurb][\/et_pb_column][et_pb_column type=\u00a0\u00bb1_2&Prime; specialty_columns=\u00a0\u00bb2&Prime; _builder_version=\u00a0\u00bb4.16&Prime; _module_preset=\u00a0\u00bbdefault\u00a0\u00bb custom_padding=\u00a0\u00bb|||\u00a0\u00bb global_colors_info=\u00a0\u00bb{}\u00a0\u00bb custom_padding__hover=\u00a0\u00bb|||\u00a0\u00bb][et_pb_row_inner column_structure=\u00a0\u00bb1_2,1_2&Prime; use_custom_gutter=\u00a0\u00bbon\u00a0\u00bb gutter_width=\u00a0\u00bb2&Prime; _builder_version=\u00a0\u00bb4.20.0&Prime; _module_preset=\u00a0\u00bbdefault\u00a0\u00bb locked=\u00a0\u00bboff\u00a0\u00bb global_colors_info=\u00a0\u00bb{}\u00a0\u00bb][et_pb_column_inner type=\u00a0\u00bb1_2&Prime; saved_specialty_column_type=\u00a0\u00bb1_2&Prime; _builder_version=\u00a0\u00bb4.20.0&Prime; _module_preset=\u00a0\u00bbdefault\u00a0\u00bb custom_padding=\u00a0\u00bb5vw||||false|false\u00a0\u00bb custom_padding_tablet=\u00a0\u00bb5vw||||false|false\u00a0\u00bb custom_padding_phone=\u00a0\u00bb0vw||||false|false\u00a0\u00bb custom_padding_last_edited=\u00a0\u00bbon|tablet\u00a0\u00bb global_colors_info=\u00a0\u00bb{}\u00a0\u00bb][et_pb_image src=\u00a0\u00bbhttp:\/\/xrrware.cluster100.hosting.ovh.net\/wp-content\/uploads\/2025\/08\/Tuyaux.jpg\u00a0\u00bb title_text=\u00a0\u00bbTuyaux\u00a0\u00bb _builder_version=\u00a0\u00bb4.27.4&Prime; _module_preset=\u00a0\u00bbdefault\u00a0\u00bb box_shadow_style=\u00a0\u00bbpreset2&Prime; global_colors_info=\u00a0\u00bb{}\u00a0\u00bb][\/et_pb_image][\/et_pb_column_inner][et_pb_column_inner type=\u00a0\u00bb1_2&Prime; saved_specialty_column_type=\u00a0\u00bb1_2&Prime; _builder_version=\u00a0\u00bb4.20.0&Prime; _module_preset=\u00a0\u00bbdefault\u00a0\u00bb global_colors_info=\u00a0\u00bb{}\u00a0\u00bb][et_pb_image src=\u00a0\u00bbhttp:\/\/xrrware.cluster100.hosting.ovh.net\/wp-content\/uploads\/2025\/07\/Logo-plombier.png\u00a0\u00bb title_text=\u00a0\u00bbLogo plombier\u00a0\u00bb _builder_version=\u00a0\u00bb4.27.4&Prime; _module_preset=\u00a0\u00bbdefault\u00a0\u00bb width=\u00a0\u00bb90%\u00a0\u00bb width_tablet=\u00a0\u00bb90%\u00a0\u00bb width_phone=\u00a0\u00bb100%\u00a0\u00bb width_last_edited=\u00a0\u00bbon|phone\u00a0\u00bb custom_margin=\u00a0\u00bb||30px||false|false\u00a0\u00bb global_colors_info=\u00a0\u00bb{}\u00a0\u00bb][\/et_pb_image][et_pb_image src=\u00a0\u00bbhttp:\/\/xrrware.cluster100.hosting.ovh.net\/wp-content\/uploads\/2025\/08\/Fuite-deau-scaled.jpg\u00a0\u00bb title_text=\u00a0\u00bbFuite d&rsquo;eau\u00a0\u00bb _builder_version=\u00a0\u00bb4.27.4&Prime; _module_preset=\u00a0\u00bbdefault\u00a0\u00bb box_shadow_style=\u00a0\u00bbpreset2&Prime; global_colors_info=\u00a0\u00bb{}\u00a0\u00bb][\/et_pb_image][\/et_pb_column_inner][\/et_pb_row_inner][\/et_pb_column][\/et_pb_section][et_pb_section fb_built=\u00a0\u00bb1&Prime; _builder_version=\u00a0\u00bb4.27.4&Prime; _module_preset=\u00a0\u00bbdefault\u00a0\u00bb locked=\u00a0\u00bboff\u00a0\u00bb global_colors_info=\u00a0\u00bb{}\u00a0\u00bb][et_pb_row column_structure=\u00a0\u00bb1_2,1_2&Prime; _builder_version=\u00a0\u00bb4.27.4&Prime; _module_preset=\u00a0\u00bbdefault\u00a0\u00bb global_colors_info=\u00a0\u00bb{}\u00a0\u00bb][et_pb_column type=\u00a0\u00bb1_2&Prime; _builder_version=\u00a0\u00bb4.27.4&Prime; _module_preset=\u00a0\u00bbdefault\u00a0\u00bb global_colors_info=\u00a0\u00bb{}\u00a0\u00bb][et_pb_text _builder_version=\u00a0\u00bb4.27.4&Prime; _module_preset=\u00a0\u00bb2bf8b528-1310-487a-9072-b12e5c6a6ec0&Prime; header_font=\u00a0\u00bb&#8211;et_global_body_font||||||||\u00a0\u00bb header_2_font=\u00a0\u00bb&#8211;et_global_body_font|500|||||||\u00a0\u00bb locked=\u00a0\u00bboff\u00a0\u00bb global_colors_info=\u00a0\u00bb{}\u00a0\u00bb]<\/p>\n<h2>Les prestations en tuyauterie :<\/h2>\n<p>[\/et_pb_text][et_pb_blurb title=\u00a0\u00bbD\u00e9pannage urgent de fuite et casses (tuyaux PVC, cuivre, PER, fonte)\u00a0\u00bb use_icon=\u00a0\u00bbon\u00a0\u00bb font_icon=\u00a0\u00bb&#xf00c;||fa||900&Prime; icon_color=\u00a0\u00bb#FFFFFF\u00a0\u00bb image_icon_background_color=\u00a0\u00bb#E02B20&Prime; _builder_version=\u00a0\u00bb4.27.4&Prime; _module_preset=\u00a0\u00bb0c8f52e2-7ce7-46a1-9df4-26d24c4bd457&Prime; custom_margin=\u00a0\u00bb||10px||false|false\u00a0\u00bb locked=\u00a0\u00bboff\u00a0\u00bb global_colors_info=\u00a0\u00bb{}\u00a0\u00bb][\/et_pb_blurb][et_pb_blurb title=\u00a0\u00bbRemplacement ou r\u00e9paration de sections endommag\u00e9es\u00a0\u00bb use_icon=\u00a0\u00bbon\u00a0\u00bb font_icon=\u00a0\u00bb&#xf00c;||fa||900&Prime; icon_color=\u00a0\u00bb#FFFFFF\u00a0\u00bb image_icon_background_color=\u00a0\u00bb#E02B20&Prime; _builder_version=\u00a0\u00bb4.27.4&Prime; _module_preset=\u00a0\u00bb0c8f52e2-7ce7-46a1-9df4-26d24c4bd457&Prime; custom_margin=\u00a0\u00bb||10px||false|false\u00a0\u00bb locked=\u00a0\u00bboff\u00a0\u00bb global_colors_info=\u00a0\u00bb{}\u00a0\u00bb][\/et_pb_blurb][et_pb_blurb title=\u00a0\u00bbD\u00e9bouchage et curage de canalisations pour supprimer graisse, tartre et d\u00e9p\u00f4ts\u00a0\u00bb use_icon=\u00a0\u00bbon\u00a0\u00bb font_icon=\u00a0\u00bb&#xf00c;||fa||900&Prime; icon_color=\u00a0\u00bb#FFFFFF\u00a0\u00bb image_icon_background_color=\u00a0\u00bb#E02B20&Prime; _builder_version=\u00a0\u00bb4.27.4&Prime; _module_preset=\u00a0\u00bb0c8f52e2-7ce7-46a1-9df4-26d24c4bd457&Prime; custom_margin=\u00a0\u00bb||10px||false|false\u00a0\u00bb locked=\u00a0\u00bboff\u00a0\u00bb global_colors_info=\u00a0\u00bb{}\u00a0\u00bb][\/et_pb_blurb][et_pb_blurb title=\u00a0\u00bbD\u00e9tartrage et nettoyage haute pression pour un r\u00e9seau sain\u00a0\u00bb use_icon=\u00a0\u00bbon\u00a0\u00bb font_icon=\u00a0\u00bb&#xf00c;||fa||900&Prime; icon_color=\u00a0\u00bb#FFFFFF\u00a0\u00bb image_icon_background_color=\u00a0\u00bb#E02B20&Prime; _builder_version=\u00a0\u00bb4.27.4&Prime; _module_preset=\u00a0\u00bb0c8f52e2-7ce7-46a1-9df4-26d24c4bd457&Prime; custom_margin=\u00a0\u00bb||10px||false|false\u00a0\u00bb locked=\u00a0\u00bboff\u00a0\u00bb global_colors_info=\u00a0\u00bb{}\u00a0\u00bb][\/et_pb_blurb][et_pb_blurb title=\u00a0\u00bbInspection vid\u00e9o des conduits afin de d\u00e9tecter fissures ou obstructions invisibles\u00a0\u00bb use_icon=\u00a0\u00bbon\u00a0\u00bb font_icon=\u00a0\u00bb&#xf00c;||fa||900&Prime; icon_color=\u00a0\u00bb#FFFFFF\u00a0\u00bb image_icon_background_color=\u00a0\u00bb#E02B20&Prime; _builder_version=\u00a0\u00bb4.27.4&Prime; _module_preset=\u00a0\u00bb0c8f52e2-7ce7-46a1-9df4-26d24c4bd457&Prime; custom_margin=\u00a0\u00bb||10px||false|false\u00a0\u00bb locked=\u00a0\u00bboff\u00a0\u00bb global_colors_info=\u00a0\u00bb{}\u00a0\u00bb][\/et_pb_blurb][\/et_pb_column][et_pb_column type=\u00a0\u00bb1_2&Prime; _builder_version=\u00a0\u00bb4.27.4&Prime; _module_preset=\u00a0\u00bbdefault\u00a0\u00bb global_colors_info=\u00a0\u00bb{}\u00a0\u00bb][et_pb_image src=\u00a0\u00bbhttp:\/\/xrrware.cluster100.hosting.ovh.net\/wp-content\/uploads\/2025\/08\/Tuyau-casse-scaled.jpg\u00a0\u00bb title_text=\u00a0\u00bbTuyau cass\u00e9\u00a0\u00bb _builder_version=\u00a0\u00bb4.27.4&Prime; _module_preset=\u00a0\u00bbdefault\u00a0\u00bb animation_style=\u00a0\u00bbslide\u00a0\u00bb box_shadow_style=\u00a0\u00bbpreset2&Prime; global_colors_info=\u00a0\u00bb{}\u00a0\u00bb][\/et_pb_image][\/et_pb_column][\/et_pb_row][\/et_pb_section][et_pb_section fb_built=\u00a0\u00bb1&Prime; admin_label=\u00a0\u00bbCTA\u00a0\u00bb _builder_version=\u00a0\u00bb4.27.4&Prime; _module_preset=\u00a0\u00bbdefault\u00a0\u00bb background_image=\u00a0\u00bbhttps:\/\/morgan-mpc.fr\/wp-content\/uploads\/2025\/08\/Tuyau-casse-2-scaled.jpg\u00a0\u00bb min_height=\u00a0\u00bb650.5px\u00a0\u00bb custom_margin=\u00a0\u00bb||-125px||false|false\u00a0\u00bb animation_style=\u00a0\u00bbfade\u00a0\u00bb locked=\u00a0\u00bboff\u00a0\u00bb collapsed=\u00a0\u00bbon\u00a0\u00bb global_colors_info=\u00a0\u00bb{}\u00a0\u00bb][et_pb_row column_structure=\u00a0\u00bb1_2,1_2&Prime; _builder_version=\u00a0\u00bb4.20.0&Prime; _module_preset=\u00a0\u00bbdefault\u00a0\u00bb global_colors_info=\u00a0\u00bb{}\u00a0\u00bb][et_pb_column type=\u00a0\u00bb1_2&Prime; _builder_version=\u00a0\u00bb4.20.0&Prime; _module_preset=\u00a0\u00bbdefault\u00a0\u00bb global_colors_info=\u00a0\u00bb{}\u00a0\u00bb][et_pb_text _builder_version=\u00a0\u00bb4.27.4&Prime; _module_preset=\u00a0\u00bb2bf8b528-1310-487a-9072-b12e5c6a6ec0&Prime; header_font=\u00a0\u00bb&#8211;et_global_body_font||||||||\u00a0\u00bb header_text_color=\u00a0\u00bb#FFFFFF\u00a0\u00bb header_2_font=\u00a0\u00bb&#8211;et_global_body_font|500|||||||\u00a0\u00bb global_colors_info=\u00a0\u00bb{}\u00a0\u00bb]<\/p>\n<h2><span style=\"color: #ffffff;\">Une fuite, un tuyau bouch\u00e9 ou un r\u00e9seau \u00e0 entretenir ?<\/span><\/h2>\n<p>[\/et_pb_text][et_pb_text _builder_version=\u00a0\u00bb4.27.4&Prime; _module_preset=\u00a0\u00bbc480b4c8-52f0-4892-9235-35dab6b8aaef\u00a0\u00bb text_font=\u00a0\u00bb&#8211;et_global_body_font|500|||||||\u00a0\u00bb text_text_color=\u00a0\u00bb#FFFFFF\u00a0\u00bb text_font_size=\u00a0\u00bb25px\u00a0\u00bb header_font=\u00a0\u00bb&#8211;et_global_body_font||||||||\u00a0\u00bb header_text_color=\u00a0\u00bb#FFFFFF\u00a0\u00bb header_2_font=\u00a0\u00bb&#8211;et_global_body_font||||||||\u00a0\u00bb animation_style=\u00a0\u00bbfade\u00a0\u00bb global_colors_info=\u00a0\u00bb{}\u00a0\u00bb]<\/p>\n<p><span style=\"color: #ffffff;\"><strong>06.21.06.80.22<\/strong><\/span><\/p>\n<p>[\/et_pb_text][\/et_pb_column][et_pb_column type=\u00a0\u00bb1_2&Prime; _builder_version=\u00a0\u00bb4.20.0&Prime; _module_preset=\u00a0\u00bbdefault\u00a0\u00bb global_colors_info=\u00a0\u00bb{}\u00a0\u00bb][\/et_pb_column][\/et_pb_row][\/et_pb_section]<\/p>\n","protected":false},"excerpt":{"rendered":"<p>Une fuite soudaine ? Des tuyaux qui s\u2019entartrent ou s\u2019obstruent r\u00e9guli\u00e8rement ? M.P.C. assure le d\u00e9pannage d\u2019urgence et l\u2019entretien pr\u00e9ventif de vos tuyauteries.<\/p>\n","protected":false},"author":1,"featured_media":574,"parent":0,"menu_order":0,"comment_status":"closed","ping_status":"closed","template":"","meta":{"_et_pb_use_builder":"on","_et_pb_old_content":"","_et_gb_content_width":"","footnotes":""},"class_list":["post-560","page","type-page","status-publish","has-post-thumbnail","hentry"],"yoast_head":"<!-- This site is optimized with the Yoast SEO plugin v25.8 - https:\/\/yoast.com\/wordpress\/plugins\/seo\/ -->\n<title>D\u00e9pannage plomberie - M.P.C.<\/title>\n<meta name=\"robots\" content=\"index, follow, max-snippet:-1, max-image-preview:large, max-video-preview:-1\" \/>\n<link rel=\"canonical\" href=\"https:\/\/morgan-mpc.fr\/index.php\/depannage-entretien\/\" \/>\n<meta property=\"og:locale\" content=\"fr_FR\" \/>\n<meta property=\"og:type\" content=\"article\" \/>\n<meta property=\"og:title\" content=\"D\u00e9pannage plomberie - M.P.C.\" \/>\n<meta property=\"og:description\" content=\"Une fuite soudaine ? Des tuyaux qui s\u2019entartrent ou s\u2019obstruent r\u00e9guli\u00e8rement ? M.P.C. assure le d\u00e9pannage d\u2019urgence et l\u2019entretien pr\u00e9ventif de vos tuyauteries.\" \/>\n<meta property=\"og:url\" content=\"https:\/\/morgan-mpc.fr\/index.php\/depannage-entretien\/\" \/>\n<meta property=\"og:site_name\" content=\"M.P.C.\" \/>\n<meta property=\"article:publisher\" content=\"https:\/\/www.facebook.com\/people\/Morgan-Capron\/100094792437501\/\" \/>\n<meta property=\"article:modified_time\" content=\"2026-04-09T09:12:20+00:00\" \/>\n<meta property=\"og:image\" content=\"https:\/\/morgan-mpc.fr\/wp-content\/uploads\/2025\/08\/Depannage-1-scaled.jpg\" \/>\n\t<meta property=\"og:image:width\" content=\"2560\" \/>\n\t<meta property=\"og:image:height\" content=\"1707\" \/>\n\t<meta property=\"og:image:type\" content=\"image\/jpeg\" \/>\n<meta name=\"twitter:card\" content=\"summary_large_image\" \/>\n<meta name=\"twitter:label1\" content=\"Dur\u00e9e de lecture estim\u00e9e\" \/>\n\t<meta name=\"twitter:data1\" content=\"2 minutes\" \/>\n<script type=\"application\/ld+json\" class=\"yoast-schema-graph\">{\"@context\":\"https:\/\/schema.org\",\"@graph\":[{\"@type\":\"WebPage\",\"@id\":\"https:\/\/morgan-mpc.fr\/index.php\/depannage-entretien\/\",\"url\":\"https:\/\/morgan-mpc.fr\/index.php\/depannage-entretien\/\",\"name\":\"D\u00e9pannage plomberie - M.P.C.\",\"isPartOf\":{\"@id\":\"https:\/\/morgan-mpc.fr\/#website\"},\"primaryImageOfPage\":{\"@id\":\"https:\/\/morgan-mpc.fr\/index.php\/depannage-entretien\/#primaryimage\"},\"image\":{\"@id\":\"https:\/\/morgan-mpc.fr\/index.php\/depannage-entretien\/#primaryimage\"},\"thumbnailUrl\":\"https:\/\/morgan-mpc.fr\/wp-content\/uploads\/2025\/08\/Depannage-1-scaled.jpg\",\"datePublished\":\"2025-08-19T13:50:24+00:00\",\"dateModified\":\"2026-04-09T09:12:20+00:00\",\"breadcrumb\":{\"@id\":\"https:\/\/morgan-mpc.fr\/index.php\/depannage-entretien\/#breadcrumb\"},\"inLanguage\":\"fr-FR\",\"potentialAction\":[{\"@type\":\"ReadAction\",\"target\":[\"https:\/\/morgan-mpc.fr\/index.php\/depannage-entretien\/\"]}]},{\"@type\":\"ImageObject\",\"inLanguage\":\"fr-FR\",\"@id\":\"https:\/\/morgan-mpc.fr\/index.php\/depannage-entretien\/#primaryimage\",\"url\":\"https:\/\/morgan-mpc.fr\/wp-content\/uploads\/2025\/08\/Depannage-1-scaled.jpg\",\"contentUrl\":\"https:\/\/morgan-mpc.fr\/wp-content\/uploads\/2025\/08\/Depannage-1-scaled.jpg\",\"width\":2560,\"height\":1707,\"caption\":\"D\u00e9pannage plomberie Beauvais\"},{\"@type\":\"BreadcrumbList\",\"@id\":\"https:\/\/morgan-mpc.fr\/index.php\/depannage-entretien\/#breadcrumb\",\"itemListElement\":[{\"@type\":\"ListItem\",\"position\":1,\"name\":\"Accueil\",\"item\":\"https:\/\/morgan-mpc.fr\/\"},{\"@type\":\"ListItem\",\"position\":2,\"name\":\"D\u00e9pannage plomberie\"}]},{\"@type\":\"WebSite\",\"@id\":\"https:\/\/morgan-mpc.fr\/#website\",\"url\":\"https:\/\/morgan-mpc.fr\/\",\"name\":\"M.P.C.\",\"description\":\"Plombier-Chauffagiste\",\"publisher\":{\"@id\":\"https:\/\/morgan-mpc.fr\/#organization\"},\"potentialAction\":[{\"@type\":\"SearchAction\",\"target\":{\"@type\":\"EntryPoint\",\"urlTemplate\":\"https:\/\/morgan-mpc.fr\/?s={search_term_string}\"},\"query-input\":{\"@type\":\"PropertyValueSpecification\",\"valueRequired\":true,\"valueName\":\"search_term_string\"}}],\"inLanguage\":\"fr-FR\"},{\"@type\":\"Organization\",\"@id\":\"https:\/\/morgan-mpc.fr\/#organization\",\"name\":\"M.P.C.\",\"url\":\"https:\/\/morgan-mpc.fr\/\",\"logo\":{\"@type\":\"ImageObject\",\"inLanguage\":\"fr-FR\",\"@id\":\"https:\/\/morgan-mpc.fr\/#\/schema\/logo\/image\/\",\"url\":\"http:\/\/xrrware.cluster100.hosting.ovh.net\/wp-content\/uploads\/2025\/07\/cropped-LOGO.png\",\"contentUrl\":\"http:\/\/xrrware.cluster100.hosting.ovh.net\/wp-content\/uploads\/2025\/07\/cropped-LOGO.png\",\"width\":512,\"height\":512,\"caption\":\"M.P.C.\"},\"image\":{\"@id\":\"https:\/\/morgan-mpc.fr\/#\/schema\/logo\/image\/\"},\"sameAs\":[\"https:\/\/www.facebook.com\/people\/Morgan-Capron\/100094792437501\/\"]}]}<\/script>\n<!-- \/ Yoast SEO plugin. -->","yoast_head_json":{"title":"D\u00e9pannage plomberie - M.P.C.","robots":{"index":"index","follow":"follow","max-snippet":"max-snippet:-1","max-image-preview":"max-image-preview:large","max-video-preview":"max-video-preview:-1"},"canonical":"https:\/\/morgan-mpc.fr\/index.php\/depannage-entretien\/","og_locale":"fr_FR","og_type":"article","og_title":"D\u00e9pannage plomberie - M.P.C.","og_description":"Une fuite soudaine ? Des tuyaux qui s\u2019entartrent ou s\u2019obstruent r\u00e9guli\u00e8rement ? M.P.C. assure le d\u00e9pannage d\u2019urgence et l\u2019entretien pr\u00e9ventif de vos tuyauteries.","og_url":"https:\/\/morgan-mpc.fr\/index.php\/depannage-entretien\/","og_site_name":"M.P.C.","article_publisher":"https:\/\/www.facebook.com\/people\/Morgan-Capron\/100094792437501\/","article_modified_time":"2026-04-09T09:12:20+00:00","og_image":[{"width":2560,"height":1707,"url":"https:\/\/morgan-mpc.fr\/wp-content\/uploads\/2025\/08\/Depannage-1-scaled.jpg","type":"image\/jpeg"}],"twitter_card":"summary_large_image","twitter_misc":{"Dur\u00e9e de lecture estim\u00e9e":"2 minutes"},"schema":{"@context":"https:\/\/schema.org","@graph":[{"@type":"WebPage","@id":"https:\/\/morgan-mpc.fr\/index.php\/depannage-entretien\/","url":"https:\/\/morgan-mpc.fr\/index.php\/depannage-entretien\/","name":"D\u00e9pannage plomberie - M.P.C.","isPartOf":{"@id":"https:\/\/morgan-mpc.fr\/#website"},"primaryImageOfPage":{"@id":"https:\/\/morgan-mpc.fr\/index.php\/depannage-entretien\/#primaryimage"},"image":{"@id":"https:\/\/morgan-mpc.fr\/index.php\/depannage-entretien\/#primaryimage"},"thumbnailUrl":"https:\/\/morgan-mpc.fr\/wp-content\/uploads\/2025\/08\/Depannage-1-scaled.jpg","datePublished":"2025-08-19T13:50:24+00:00","dateModified":"2026-04-09T09:12:20+00:00","breadcrumb":{"@id":"https:\/\/morgan-mpc.fr\/index.php\/depannage-entretien\/#breadcrumb"},"inLanguage":"fr-FR","potentialAction":[{"@type":"ReadAction","target":["https:\/\/morgan-mpc.fr\/index.php\/depannage-entretien\/"]}]},{"@type":"ImageObject","inLanguage":"fr-FR","@id":"https:\/\/morgan-mpc.fr\/index.php\/depannage-entretien\/#primaryimage","url":"https:\/\/morgan-mpc.fr\/wp-content\/uploads\/2025\/08\/Depannage-1-scaled.jpg","contentUrl":"https:\/\/morgan-mpc.fr\/wp-content\/uploads\/2025\/08\/Depannage-1-scaled.jpg","width":2560,"height":1707,"caption":"D\u00e9pannage plomberie Beauvais"},{"@type":"BreadcrumbList","@id":"https:\/\/morgan-mpc.fr\/index.php\/depannage-entretien\/#breadcrumb","itemListElement":[{"@type":"ListItem","position":1,"name":"Accueil","item":"https:\/\/morgan-mpc.fr\/"},{"@type":"ListItem","position":2,"name":"D\u00e9pannage plomberie"}]},{"@type":"WebSite","@id":"https:\/\/morgan-mpc.fr\/#website","url":"https:\/\/morgan-mpc.fr\/","name":"M.P.C.","description":"Plombier-Chauffagiste","publisher":{"@id":"https:\/\/morgan-mpc.fr\/#organization"},"potentialAction":[{"@type":"SearchAction","target":{"@type":"EntryPoint","urlTemplate":"https:\/\/morgan-mpc.fr\/?s={search_term_string}"},"query-input":{"@type":"PropertyValueSpecification","valueRequired":true,"valueName":"search_term_string"}}],"inLanguage":"fr-FR"},{"@type":"Organization","@id":"https:\/\/morgan-mpc.fr\/#organization","name":"M.P.C.","url":"https:\/\/morgan-mpc.fr\/","logo":{"@type":"ImageObject","inLanguage":"fr-FR","@id":"https:\/\/morgan-mpc.fr\/#\/schema\/logo\/image\/","url":"http:\/\/xrrware.cluster100.hosting.ovh.net\/wp-content\/uploads\/2025\/07\/cropped-LOGO.png","contentUrl":"http:\/\/xrrware.cluster100.hosting.ovh.net\/wp-content\/uploads\/2025\/07\/cropped-LOGO.png","width":512,"height":512,"caption":"M.P.C."},"image":{"@id":"https:\/\/morgan-mpc.fr\/#\/schema\/logo\/image\/"},"sameAs":["https:\/\/www.facebook.com\/people\/Morgan-Capron\/100094792437501\/"]}]}},"_links":{"self":[{"href":"https:\/\/morgan-mpc.fr\/index.php\/wp-json\/wp\/v2\/pages\/560","targetHints":{"allow":["GET"]}}],"collection":[{"href":"https:\/\/morgan-mpc.fr\/index.php\/wp-json\/wp\/v2\/pages"}],"about":[{"href":"https:\/\/morgan-mpc.fr\/index.php\/wp-json\/wp\/v2\/types\/page"}],"author":[{"embeddable":true,"href":"https:\/\/morgan-mpc.fr\/index.php\/wp-json\/wp\/v2\/users\/1"}],"replies":[{"embeddable":true,"href":"https:\/\/morgan-mpc.fr\/index.php\/wp-json\/wp\/v2\/comments?post=560"}],"version-history":[{"count":22,"href":"https:\/\/morgan-mpc.fr\/index.php\/wp-json\/wp\/v2\/pages\/560\/revisions"}],"predecessor-version":[{"id":1165,"href":"https:\/\/morgan-mpc.fr\/index.php\/wp-json\/wp\/v2\/pages\/560\/revisions\/1165"}],"wp:featuredmedia":[{"embeddable":true,"href":"https:\/\/morgan-mpc.fr\/index.php\/wp-json\/wp\/v2\/media\/574"}],"wp:attachment":[{"href":"https:\/\/morgan-mpc.fr\/index.php\/wp-json\/wp\/v2\/media?parent=560"}],"curies":[{"name":"wp","href":"https:\/\/api.w.org\/{rel}","templated":true}]}}