{"id":249,"date":"2025-07-30T13:42:25","date_gmt":"2025-07-30T13:42:25","guid":{"rendered":"http:\/\/xrrware.cluster100.hosting.ovh.net\/?page_id=249"},"modified":"2026-04-09T11:58:36","modified_gmt":"2026-04-09T11:58:36","slug":"249-2","status":"publish","type":"page","link":"https:\/\/morgan-mpc.fr\/index.php\/249-2\/","title":{"rendered":"Mentions l\u00e9gales"},"content":{"rendered":"<p>[et_pb_section fb_built=\u00a0\u00bb1&Prime; admin_label=\u00a0\u00bbAbout\u00a0\u00bb _builder_version=\u00a0\u00bb4.27.4&Prime; _module_preset=\u00a0\u00bbdefault\u00a0\u00bb background_color=\u00a0\u00bbRGBA(255,255,255,0)\u00a0\u00bb min_height=\u00a0\u00bb4032.8px\u00a0\u00bb custom_margin=\u00a0\u00bb0px||||false|false\u00a0\u00bb hover_enabled=\u00a0\u00bb0&Prime; collapsed=\u00a0\u00bbon\u00a0\u00bb global_colors_info=\u00a0\u00bb{}\u00a0\u00bb sticky_enabled=\u00a0\u00bb0&Prime;][et_pb_row _builder_version=\u00a0\u00bb4.20.0&Prime; _module_preset=\u00a0\u00bbdefault\u00a0\u00bb max_width=\u00a0\u00bb800px\u00a0\u00bb global_colors_info=\u00a0\u00bb{}\u00a0\u00bb][et_pb_column type=\u00a0\u00bb4_4&Prime; _builder_version=\u00a0\u00bb4.20.0&Prime; _module_preset=\u00a0\u00bbdefault\u00a0\u00bb global_colors_info=\u00a0\u00bb{}\u00a0\u00bb][et_pb_text _builder_version=\u00a0\u00bb4.27.4&Prime; _module_preset=\u00a0\u00bbd37d8e81-6a6f-4e2d-b376-5b6f17ef04d8&Prime; text_orientation=\u00a0\u00bbcenter\u00a0\u00bb hover_enabled=\u00a0\u00bb0&Prime; global_colors_info=\u00a0\u00bb{}\u00a0\u00bb sticky_enabled=\u00a0\u00bb0&Prime;]<\/p>\n<div class=\"\" id=\"h1\">\n<div class=\"sb-bloc \">\n<div class=\"sb-bloc-inner\">\n<h1><span style=\"font-size: 16px;\">Conform\u00e9ment aux dispositions des articles 6-III et 19 de la Loi n\u00b0 2004-575 du 21 juin 2004 pour la Confiance dans l&rsquo;\u00e9conomie num\u00e9rique, dite L.C.E.N., nous portons \u00e0 la connaissance des utilisateurs et visiteurs du site www.morgan-mpc.fr les informations suivantes :<\/span><\/h1>\n<\/div>\n<\/div>\n<\/div>\n<div class=\"sections-container\">\n<section class=\" section tree-container\" id=\"corps-de-la-page_2371675\">\n<div class=\"sb-bloc-inner container_45925653_inner\" id=\"container_45925653_inner\">\n<div class=\"subcontainers\">\n<div id=\"container_46482633\" class=\" sb-bloc sb-bloc-level-3 bloc-element-legal-notice-text  \">\n<div id=\"container_46482633_inner\" class=\"sb-bloc-inner container_46482633_inner\">\n<div class=\"element element-legal-notice-text\" spellcheck=\"true\">\n<h2><strong>1. Informations l\u00e9gales<\/strong><\/h2>\n<h3><strong>1.1. Editeur du Site<\/strong><\/h3>\n<p><strong>Nom :<\/strong><span>\u00a0<\/span>Morgan Capron<\/p>\n<p><strong>Adresse :<\/strong><span>\u00a0<\/span>73 Rue Paul Dubois<\/p>\n<p><strong>Code postal :<\/strong><span>\u00a0<\/span>60850<\/p>\n<p><strong>Ville :<\/strong><span>\u00a0<\/span>Le Coudray-Saint-Germer<\/p>\n<p><strong>T\u00e9l. :<\/strong><span>\u00a0<\/span>06 21 06 80 22<\/p>\n<h3><strong>1.2. Activit\u00e9<\/strong><\/h3>\n<p><strong>N\u00b0 d&rsquo;inscription au r\u00e9pertoire des m\u00e9tiers :<\/strong><span>\u00a0<\/span>949756613<\/p>\n<h3><strong>1.3. Site internet<\/strong><\/h3>\n<p><strong>Le site internet est h\u00e9berg\u00e9 sur le domaine :<\/strong><span>\u00a0<\/span>www.morgan-mpc.fr<\/p>\n<h3><strong>1.4. Responsable de la publication<\/strong><\/h3>\n<p><strong>Responsable de la publication :<\/strong><span>\u00a0<\/span>morgan capron<\/p>\n<p><strong>Email :<\/strong><span>\u00a0<\/span>m.p.c.entreprise@gmail.com<\/p>\n<p><strong>T\u00e9l. :<\/strong><span>\u00a0<\/span>06 21 06 80 22<\/p>\n<p><strong>Ville du tribunal de comp\u00e9tence en cas de litige :<\/strong><span> B<\/span>eauvais<\/p>\n<h3><strong>1.5. Agence \/ Webmaster<\/strong><\/h3>\n<p><strong>Entreprise :<\/strong><span>\u00a0<\/span>MS Bureautique<\/p>\n<p><strong>Adresse :<\/strong><span>\u00a0<\/span>2 impasse Joseph Leduc<\/p>\n<p><strong>Code postal :<\/strong><span> 60000<\/span><\/p>\n<p><strong>Ville :<\/strong><span> Beauvais<\/span><\/p>\n<p><strong>Pays :<\/strong><span>\u00a0<\/span>France<\/p>\n<p><strong>Email :<\/strong><span>\u00a0<\/span>contact@msbureautique.fr<\/p>\n<p><strong>T\u00e9l. :<\/strong><span>\u00a0<\/span>06 31 56 42 60<\/p>\n<h3><strong>1.6. H\u00e9bergement<\/strong><\/h3>\n<p><strong>Entreprise :<\/strong><span> OVH<\/span><\/p>\n<p><strong>Adresse :<\/strong> 2 rue Kellermann BP 80157<\/p>\n<p><strong>Code postal :<\/strong><span> 59053<\/span><\/p>\n<p><strong>Ville :<\/strong><span> Roubaix Cedex 1<\/span><\/p>\n<p><strong>Pays :<\/strong><span>\u00a0<\/span>France<\/p>\n<h2><strong>2. Pr\u00e9sentation et principe<\/strong><\/h2>\n<p>Est d\u00e9sign\u00e9 ci-apr\u00e8s : Utilisateur, tout internaute se connectant et utilisant le site susnomm\u00e9 : www.morgan-mpc.fr.<\/p>\n<p>Morgan Capron s\u2019efforce de fournir sur le site www.morgan-mpc.fr les informations les plus pr\u00e9cises et \u00e0 jour possibles (sous r\u00e9serve de modifications apport\u00e9es depuis leur mise en ligne), mais ne saurait garantir l&rsquo;exactitude, la compl\u00e9tude et l&rsquo;actualit\u00e9 des informations diffus\u00e9es sur son site, qu\u2019elles soient de son fait ou du fait des tiers partenaires qui lui fournissent ces informations. En cons\u00e9quence, l&rsquo;internaute devra donc s&rsquo;assurer de l&rsquo;exactitude des informations et signaler toutes modifications du site qu&rsquo;il jugerait utile. Morgan Capron n&rsquo;est en aucun cas responsable de l&rsquo;utilisation faite de ces informations, et de tout pr\u00e9judice direct ou indirect pouvant en d\u00e9couler.<\/p>\n<h2><strong>3. Accessibilit\u00e9<\/strong><\/h2>\n<p>Le site www.morgan-mpc.fr est par principe accessible aux utilisateurs 24\/24h, 7\/7j, sauf interruption, programm\u00e9e ou non, pour les besoins de sa maintenance ou en cas de force majeure. En cas d\u2019impossibilit\u00e9 d\u2019acc\u00e8s au service, Morgan Capron s\u2019engage \u00e0 faire son maximum afin de r\u00e9tablir l\u2019acc\u00e8s au service. N\u2019\u00e9tant soumis qu\u2019\u00e0 une obligation de moyen, Morgan Capron ne saurait \u00eatre tenu pour responsable de tout dommage, quelle qu\u2019en soit la nature, r\u00e9sultant d\u2019une indisponibilit\u00e9 du service.<\/p>\n<h2><strong>4. Propri\u00e9t\u00e9 intellectuelle<\/strong><\/h2>\n<p>Morgan Capron est propri\u00e9taire exclusif de tous les droits de propri\u00e9t\u00e9 intellectuelle ou d\u00e9tient les droits d\u2019usage sur tous les \u00e9l\u00e9ments accessibles sur le site, tant sur la structure que sur les textes, images, graphismes, logo, ic\u00f4nes, sons, logiciels\u2026<\/p>\n<p>Toute reproduction totale ou partielle du site www.morgan-mpc.fr, repr\u00e9sentation, modification, publication, adaptation totale ou partielle de l&rsquo;un quelconque de ces \u00e9l\u00e9ments est interdite, sauf autorisation \u00e9crite pr\u00e9alable de Morgan Capron. \u00c0 d\u00e9faut, elle sera consid\u00e9r\u00e9e comme constitutive d\u2019une contrefa\u00e7on et passible de poursuite conform\u00e9ment aux dispositions des articles L.335-2 et suivants du Code de Propri\u00e9t\u00e9 Intellectuelle.<\/p>\n<h2><strong>5. Liens hypertextes et cookies<\/strong><\/h2>\n<h3><strong>5.1. Liens hypertexte<\/strong><\/h3>\n<p>Le site www.morgan-mpc.fr peut contenir un certain nombre de liens hypertextes vers d\u2019autres sites. Morgan Capron ne dispose d&rsquo;aucun moyen pour contr\u00f4ler les sites en connexion avec son site internet et ne r\u00e9pond pas de la disponibilit\u00e9 de tels sites et sources externes, ni ne la garantit. Morgan Capron ne peut \u00eatre tenue pour responsable de tout dommage, de quelque nature que ce soit, r\u00e9sultant du contenu de ces sites ou sources externes, et notamment des informations, produits ou services qu\u2019ils proposent.<\/p>\n<p>Si vous naviguez vers un de ces sites, veuillez noter qu\u2019ils poss\u00e8dent leur propre politique de confidentialit\u00e9 et que notre responsabilit\u00e9 s\u2019arr\u00eate au moment o\u00f9 vous quittez notre site.<\/p>\n<p>Les propri\u00e9taires de sites internet tiers ne peuvent mettre en place un hyperlien en direction de ce site sans l&rsquo;autorisation expresse et pr\u00e9alable de Morgan Capron qui se r\u00e9serve le droit d\u2019accepter ou de refuser un hyperlien sans avoir \u00e0 en justifier sa d\u00e9cision.<\/p>\n<h3><strong>5.2. Cookies<\/strong><\/h3>\n<p>L\u2019utilisateur est inform\u00e9 que lors de ses visites sur le site www.morgan-mpc.fr, un ou des cookies sont susceptibles de s\u2019installer automatiquement sur son ordinateur par l&rsquo;interm\u00e9diaire de son logiciel de navigation. Un cookie est un bloc de donn\u00e9es qui ne permet pas d&rsquo;identifier l&rsquo;utilisateur, mais qui enregistre des informations relatives \u00e0 la navigation de celui-ci sur le site. Il contient plusieurs donn\u00e9es qui sont stock\u00e9es sur votre ordinateur dans un simple fichier texte auquel un serveur acc\u00e8de pour lire et enregistrer des informations.<\/p>\n<p>Le param\u00e9trage du logiciel de navigation permet d\u2019informer de la pr\u00e9sence de cookie et \u00e9ventuellement, de la refuser de la mani\u00e8re d\u00e9crite \u00e0 l\u2019adresse suivante :<span>\u00a0<\/span><a>www.cnil.fr<\/a>.<\/p>\n<h3><strong>5.3. Les cookies tiers<\/strong><\/h3>\n<p>Notre site peut contenir des liens vers ou depuis des sites partenaires et d\u2019autres sites tiers. Si vous naviguez vers un de ces sites, veuillez noter qu\u2019ils poss\u00e8dent leur propre politique de confidentialit\u00e9 et que notre responsabilit\u00e9 s\u2019arr\u00eate au moment o\u00f9 vous quittez notre site. V\u00e9rifiez les politiques de confidentialit\u00e9 avant de transmettre vos donn\u00e9es personnelles \u00e0 des sites tiers.<\/p>\n<h2><strong>6. Protection des biens et des personnes &#8211; gestion des donn\u00e9es personnelles<\/strong><\/h2>\n<p>Le Client est inform\u00e9 des r\u00e9glementations concernant la communication marketing, la loi du 21 Juin 2014 pour la confiance dans l\u2019Economie Num\u00e9rique, la Loi Informatique et Libert\u00e9 du 06 Ao\u00fbt 2004 ainsi que du R\u00e8glement G\u00e9n\u00e9ral sur la Protection des Donn\u00e9es (RGPD : n\u00b0 2016-679).<\/p>\n<h3><strong>6.1. Responsables de la collecte des donn\u00e9es personnelles<\/strong><\/h3>\n<p>Pour les Donn\u00e9es Personnelles collect\u00e9es dans le cadre de la cr\u00e9ation du compte personnel de l\u2019Utilisateur et de sa navigation sur le Site, le responsable du traitement des Donn\u00e9es Personnelles est : Morgan Capron. www.morgan-mpc.fr est repr\u00e9sent\u00e9 par Morgan Capron, son repr\u00e9sentant l\u00e9gal.<\/p>\n<p>En tant que responsable du traitement des donn\u00e9es qu\u2019il collecte, www.morgan-mpc.fr s\u2019engage \u00e0 respecter le cadre des dispositions l\u00e9gales en vigueur. Il lui appartient notamment au Client d\u2019\u00e9tablir les finalit\u00e9s de ses traitements de donn\u00e9es, de fournir \u00e0 ses prospects et clients, \u00e0 partir de la collecte de leurs consentements, une information compl\u00e8te sur le traitement de leurs donn\u00e9es personnelles et de maintenir un registre des traitements conforme \u00e0 la r\u00e9alit\u00e9. Chaque fois que www.morgan-mpc.fr traite des Donn\u00e9es Personnelles, www.morgan-mpc.fr prend toutes les mesures raisonnables pour s\u2019assurer de l\u2019exactitude et de la pertinence des Donn\u00e9es Personnelles au regard des finalit\u00e9s pour lesquelles www.morgan-mpc.fr les traite.<\/p>\n<h3><strong>6.2. Finalit\u00e9 des donn\u00e9es collect\u00e9es<\/strong><\/h3>\n<p>www.morgan-mpc.fr est susceptible de traiter tout ou partie des donn\u00e9es :<\/p>\n<ul>\n<li>pour permettre la navigation sur le Site et la connexion \u00e0 l&rsquo;espace priv\u00e9e par l\u2019utilisateur : donn\u00e9es de connexion et d\u2019utilisation du Site<\/li>\n<li>pour pr\u00e9venir et lutter contre la fraude informatique (spamming, hacking\u2026) : mat\u00e9riel informatique utilis\u00e9 pour la navigation, l\u2019adresse IP, pages visit\u00e9es<\/li>\n<li>pour am\u00e9liorer la navigation sur le Site : donn\u00e9es de connexion et d\u2019utilisation<\/li>\n<\/ul>\n<p>www.morgan-mpc.fr ne commercialise pas vos donn\u00e9es personnelles qui sont donc uniquement utilis\u00e9es par n\u00e9cessit\u00e9 ou \u00e0 des fins statistiques et d\u2019analyses.<\/p>\n<h2><strong>7- Limitation de responsabilit\u00e9<\/strong><\/h2>\n<p>Les informations contenues sur ce site sont aussi pr\u00e9cises que possible et le site est p\u00e9riodiquement remis \u00e0 jour, mais peut toutefois contenir des inexactitudes, des omissions ou des lacunes. Si vous constatez une lacune, erreur ou ce qui para\u00eet \u00eatre un dysfonctionnement, merci de bien vouloir le signaler par email en d\u00e9crivant le probl\u00e8me de la mani\u00e8re la plus pr\u00e9cise possible (page posant probl\u00e8me, action d\u00e9clenchante, type d\u2019ordinateur et de navigateur utilis\u00e9, \u2026). www.morgan-mpc.fr ne peut pas \u00eatre tenu responsable des lacunes, erreurs ou dysfonctionnement engendr\u00e9s.<\/p>\n<p>Tout contenu t\u00e9l\u00e9charg\u00e9 se fait aux risques et p\u00e9rils de l&rsquo;utilisateur et sous sa seule responsabilit\u00e9. Par cons\u00e9quent, Morgan Capron ne saurait \u00eatre tenu responsable d&rsquo;un quelconque dommage subi par l&rsquo;ordinateur de l&rsquo;utilisateur ou d&rsquo;une quelconque perte de donn\u00e9es cons\u00e9cutives au t\u00e9l\u00e9chargement.<\/p>\n<p>Les liens hypertextes mis en place dans le cadre du pr\u00e9sent site internet en direction d&rsquo;autres ressources pr\u00e9sentes sur le r\u00e9seau Internet ne sauraient engager la responsabilit\u00e9 de Morgan Capron.<\/p>\n<h3><strong>A propos des mentions l\u00e9gales :<\/strong><\/h3>\n<p>Les mentions l\u00e9gales d\u00e9finies sur cette page s&rsquo;appliquent \u00e0 l&rsquo;ensemble du pr\u00e9sent site internet et sont susceptibles d&rsquo;\u00e9voluer sans pr\u00e9avis. L&rsquo;Utilisateur du site est donc invit\u00e9 \u00e0 les consulter r\u00e9guli\u00e8rement afin d&rsquo;en prendre connaissance.<\/p>\n<\/div>\n<\/div>\n<\/div>\n<\/div>\n<\/div>\n<\/section>\n<\/div>\n<p>[\/et_pb_text][\/et_pb_column][\/et_pb_row][\/et_pb_section][et_pb_section fb_built=\u00a0\u00bb1&Prime; admin_label=\u00a0\u00bbHeader\u00a0\u00bb _builder_version=\u00a0\u00bb4.27.4&Prime; _module_preset=\u00a0\u00bbdefault\u00a0\u00bb use_background_color_gradient=\u00a0\u00bbon\u00a0\u00bb background_color_gradient_stops=\u00a0\u00bbrgba(0,0,0,0.5) 0%|rgba(0,0,0,0.4) 99%\u00a0\u00bb background_color_gradient_overlays_image=\u00a0\u00bbon\u00a0\u00bb background_image=\u00a0\u00bbhttps:\/\/morgan-mpc.fr\/wp-content\/uploads\/2025\/07\/Salle-de-bain-mode-paysage-7-scaled.jpg\u00a0\u00bb min_height=\u00a0\u00bb465.1px\u00a0\u00bb link_option_url=\u00a0\u00bbhttps:\/\/www.msbureautique.fr\/\u00a0\u00bb collapsed=\u00a0\u00bbon\u00a0\u00bb global_colors_info=\u00a0\u00bb{}\u00a0\u00bb][et_pb_row _builder_version=\u00a0\u00bb4.27.4&Prime; _module_preset=\u00a0\u00bbdefault\u00a0\u00bb custom_margin=\u00a0\u00bb|||30px|false|false\u00a0\u00bb animation_style=\u00a0\u00bbfold\u00a0\u00bb global_colors_info=\u00a0\u00bb{}\u00a0\u00bb][et_pb_column type=\u00a0\u00bb4_4&Prime; _builder_version=\u00a0\u00bb4.20.0&Prime; _module_preset=\u00a0\u00bbdefault\u00a0\u00bb global_colors_info=\u00a0\u00bb{}\u00a0\u00bb][et_pb_text _builder_version=\u00a0\u00bb4.27.4&Prime; _module_preset=\u00a0\u00bb8d5f08e4-ba51-47d4-994e-2f948f5a8bc5&Prime; header_font=\u00a0\u00bb&#8211;et_global_body_font|500|||||||\u00a0\u00bb header_text_color=\u00a0\u00bb#FFFFFF\u00a0\u00bb header_font_size=\u00a0\u00bb15px\u00a0\u00bb global_colors_info=\u00a0\u00bb{}\u00a0\u00bb]<\/p>\n<h1>Cr\u00e9ation et r\u00e9f\u00e9rencement du site par MS Bureautique &#8211; www.msbureautique.fr<\/h1>\n<p>[\/et_pb_text][et_pb_image src=\u00a0\u00bbhttp:\/\/xrrware.cluster100.hosting.ovh.net\/wp-content\/uploads\/2025\/09\/LOGO_MSBUREAUTIQUE.png\u00a0\u00bb title_text=\u00a0\u00bbLOGO_MSBUREAUTIQUE\u00a0\u00bb _builder_version=\u00a0\u00bb4.27.4&Prime; _module_preset=\u00a0\u00bbdefault\u00a0\u00bb width=\u00a0\u00bb20%\u00a0\u00bb border_radii=\u00a0\u00bbon|200px|200px|200px|200px\u00a0\u00bb global_colors_info=\u00a0\u00bb{}\u00a0\u00bb][\/et_pb_image][\/et_pb_column][\/et_pb_row][\/et_pb_section]<\/p>\n","protected":false},"excerpt":{"rendered":"<p>Conform\u00e9ment aux dispositions des articles 6-III et 19 de la Loi n\u00b0 2004-575 du 21 juin 2004 pour la Confiance dans l&rsquo;\u00e9conomie num\u00e9rique, dite L.C.E.N., nous portons \u00e0 la connaissance des utilisateurs et visiteurs du site www.morgan-mpc.fr les informations suivantes : 1. Informations l\u00e9gales 1.1. Editeur du Site Nom :\u00a0Morgan Capron Adresse :\u00a073 Rue Paul [&hellip;]<\/p>\n","protected":false},"author":1,"featured_media":0,"parent":0,"menu_order":0,"comment_status":"closed","ping_status":"closed","template":"","meta":{"_et_pb_use_builder":"on","_et_pb_old_content":"","_et_gb_content_width":"","footnotes":""},"class_list":["post-249","page","type-page","status-publish","hentry"],"yoast_head":"<!-- This site is optimized with the Yoast SEO plugin v25.8 - https:\/\/yoast.com\/wordpress\/plugins\/seo\/ -->\n<title>Mentions l\u00e9gales - M.P.C.<\/title>\n<meta name=\"robots\" content=\"index, follow, max-snippet:-1, max-image-preview:large, max-video-preview:-1\" \/>\n<link rel=\"canonical\" href=\"https:\/\/morgan-mpc.fr\/index.php\/249-2\/\" \/>\n<meta property=\"og:locale\" content=\"fr_FR\" \/>\n<meta property=\"og:type\" content=\"article\" \/>\n<meta property=\"og:title\" content=\"Mentions l\u00e9gales - M.P.C.\" \/>\n<meta property=\"og:description\" content=\"Conform\u00e9ment aux dispositions des articles 6-III et 19 de la Loi n\u00b0 2004-575 du 21 juin 2004 pour la Confiance dans l&#039;\u00e9conomie num\u00e9rique, dite L.C.E.N., nous portons \u00e0 la connaissance des utilisateurs et visiteurs du site www.morgan-mpc.fr les informations suivantes : 1. Informations l\u00e9gales 1.1. Editeur du Site Nom :\u00a0Morgan Capron Adresse :\u00a073 Rue Paul [&hellip;]\" \/>\n<meta property=\"og:url\" content=\"https:\/\/morgan-mpc.fr\/index.php\/249-2\/\" \/>\n<meta property=\"og:site_name\" content=\"M.P.C.\" \/>\n<meta property=\"article:publisher\" content=\"https:\/\/www.facebook.com\/people\/Morgan-Capron\/100094792437501\/\" \/>\n<meta property=\"article:modified_time\" content=\"2026-04-09T11:58:36+00:00\" \/>\n<meta property=\"og:image\" content=\"https:\/\/morgan-mpc.fr\/wp-content\/uploads\/2025\/07\/cropped-LOGO.png\" \/>\n\t<meta property=\"og:image:width\" content=\"512\" \/>\n\t<meta property=\"og:image:height\" content=\"512\" \/>\n\t<meta property=\"og:image:type\" content=\"image\/png\" \/>\n<meta name=\"twitter:card\" content=\"summary_large_image\" \/>\n<meta name=\"twitter:label1\" content=\"Dur\u00e9e de lecture estim\u00e9e\" \/>\n\t<meta name=\"twitter:data1\" content=\"9 minutes\" \/>\n<script type=\"application\/ld+json\" class=\"yoast-schema-graph\">{\"@context\":\"https:\/\/schema.org\",\"@graph\":[{\"@type\":\"WebPage\",\"@id\":\"https:\/\/morgan-mpc.fr\/index.php\/249-2\/\",\"url\":\"https:\/\/morgan-mpc.fr\/index.php\/249-2\/\",\"name\":\"Mentions l\u00e9gales - M.P.C.\",\"isPartOf\":{\"@id\":\"https:\/\/morgan-mpc.fr\/#website\"},\"datePublished\":\"2025-07-30T13:42:25+00:00\",\"dateModified\":\"2026-04-09T11:58:36+00:00\",\"breadcrumb\":{\"@id\":\"https:\/\/morgan-mpc.fr\/index.php\/249-2\/#breadcrumb\"},\"inLanguage\":\"fr-FR\",\"potentialAction\":[{\"@type\":\"ReadAction\",\"target\":[\"https:\/\/morgan-mpc.fr\/index.php\/249-2\/\"]}]},{\"@type\":\"BreadcrumbList\",\"@id\":\"https:\/\/morgan-mpc.fr\/index.php\/249-2\/#breadcrumb\",\"itemListElement\":[{\"@type\":\"ListItem\",\"position\":1,\"name\":\"Accueil\",\"item\":\"https:\/\/morgan-mpc.fr\/\"},{\"@type\":\"ListItem\",\"position\":2,\"name\":\"Mentions l\u00e9gales\"}]},{\"@type\":\"WebSite\",\"@id\":\"https:\/\/morgan-mpc.fr\/#website\",\"url\":\"https:\/\/morgan-mpc.fr\/\",\"name\":\"M.P.C.\",\"description\":\"Plombier-Chauffagiste\",\"publisher\":{\"@id\":\"https:\/\/morgan-mpc.fr\/#organization\"},\"potentialAction\":[{\"@type\":\"SearchAction\",\"target\":{\"@type\":\"EntryPoint\",\"urlTemplate\":\"https:\/\/morgan-mpc.fr\/?s={search_term_string}\"},\"query-input\":{\"@type\":\"PropertyValueSpecification\",\"valueRequired\":true,\"valueName\":\"search_term_string\"}}],\"inLanguage\":\"fr-FR\"},{\"@type\":\"Organization\",\"@id\":\"https:\/\/morgan-mpc.fr\/#organization\",\"name\":\"M.P.C.\",\"url\":\"https:\/\/morgan-mpc.fr\/\",\"logo\":{\"@type\":\"ImageObject\",\"inLanguage\":\"fr-FR\",\"@id\":\"https:\/\/morgan-mpc.fr\/#\/schema\/logo\/image\/\",\"url\":\"http:\/\/xrrware.cluster100.hosting.ovh.net\/wp-content\/uploads\/2025\/07\/cropped-LOGO.png\",\"contentUrl\":\"http:\/\/xrrware.cluster100.hosting.ovh.net\/wp-content\/uploads\/2025\/07\/cropped-LOGO.png\",\"width\":512,\"height\":512,\"caption\":\"M.P.C.\"},\"image\":{\"@id\":\"https:\/\/morgan-mpc.fr\/#\/schema\/logo\/image\/\"},\"sameAs\":[\"https:\/\/www.facebook.com\/people\/Morgan-Capron\/100094792437501\/\"]}]}<\/script>\n<!-- \/ Yoast SEO plugin. -->","yoast_head_json":{"title":"Mentions l\u00e9gales - M.P.C.","robots":{"index":"index","follow":"follow","max-snippet":"max-snippet:-1","max-image-preview":"max-image-preview:large","max-video-preview":"max-video-preview:-1"},"canonical":"https:\/\/morgan-mpc.fr\/index.php\/249-2\/","og_locale":"fr_FR","og_type":"article","og_title":"Mentions l\u00e9gales - M.P.C.","og_description":"Conform\u00e9ment aux dispositions des articles 6-III et 19 de la Loi n\u00b0 2004-575 du 21 juin 2004 pour la Confiance dans l'\u00e9conomie num\u00e9rique, dite L.C.E.N., nous portons \u00e0 la connaissance des utilisateurs et visiteurs du site www.morgan-mpc.fr les informations suivantes : 1. Informations l\u00e9gales 1.1. Editeur du Site Nom :\u00a0Morgan Capron Adresse :\u00a073 Rue Paul [&hellip;]","og_url":"https:\/\/morgan-mpc.fr\/index.php\/249-2\/","og_site_name":"M.P.C.","article_publisher":"https:\/\/www.facebook.com\/people\/Morgan-Capron\/100094792437501\/","article_modified_time":"2026-04-09T11:58:36+00:00","og_image":[{"width":512,"height":512,"url":"https:\/\/morgan-mpc.fr\/wp-content\/uploads\/2025\/07\/cropped-LOGO.png","type":"image\/png"}],"twitter_card":"summary_large_image","twitter_misc":{"Dur\u00e9e de lecture estim\u00e9e":"9 minutes"},"schema":{"@context":"https:\/\/schema.org","@graph":[{"@type":"WebPage","@id":"https:\/\/morgan-mpc.fr\/index.php\/249-2\/","url":"https:\/\/morgan-mpc.fr\/index.php\/249-2\/","name":"Mentions l\u00e9gales - M.P.C.","isPartOf":{"@id":"https:\/\/morgan-mpc.fr\/#website"},"datePublished":"2025-07-30T13:42:25+00:00","dateModified":"2026-04-09T11:58:36+00:00","breadcrumb":{"@id":"https:\/\/morgan-mpc.fr\/index.php\/249-2\/#breadcrumb"},"inLanguage":"fr-FR","potentialAction":[{"@type":"ReadAction","target":["https:\/\/morgan-mpc.fr\/index.php\/249-2\/"]}]},{"@type":"BreadcrumbList","@id":"https:\/\/morgan-mpc.fr\/index.php\/249-2\/#breadcrumb","itemListElement":[{"@type":"ListItem","position":1,"name":"Accueil","item":"https:\/\/morgan-mpc.fr\/"},{"@type":"ListItem","position":2,"name":"Mentions l\u00e9gales"}]},{"@type":"WebSite","@id":"https:\/\/morgan-mpc.fr\/#website","url":"https:\/\/morgan-mpc.fr\/","name":"M.P.C.","description":"Plombier-Chauffagiste","publisher":{"@id":"https:\/\/morgan-mpc.fr\/#organization"},"potentialAction":[{"@type":"SearchAction","target":{"@type":"EntryPoint","urlTemplate":"https:\/\/morgan-mpc.fr\/?s={search_term_string}"},"query-input":{"@type":"PropertyValueSpecification","valueRequired":true,"valueName":"search_term_string"}}],"inLanguage":"fr-FR"},{"@type":"Organization","@id":"https:\/\/morgan-mpc.fr\/#organization","name":"M.P.C.","url":"https:\/\/morgan-mpc.fr\/","logo":{"@type":"ImageObject","inLanguage":"fr-FR","@id":"https:\/\/morgan-mpc.fr\/#\/schema\/logo\/image\/","url":"http:\/\/xrrware.cluster100.hosting.ovh.net\/wp-content\/uploads\/2025\/07\/cropped-LOGO.png","contentUrl":"http:\/\/xrrware.cluster100.hosting.ovh.net\/wp-content\/uploads\/2025\/07\/cropped-LOGO.png","width":512,"height":512,"caption":"M.P.C."},"image":{"@id":"https:\/\/morgan-mpc.fr\/#\/schema\/logo\/image\/"},"sameAs":["https:\/\/www.facebook.com\/people\/Morgan-Capron\/100094792437501\/"]}]}},"_links":{"self":[{"href":"https:\/\/morgan-mpc.fr\/index.php\/wp-json\/wp\/v2\/pages\/249","targetHints":{"allow":["GET"]}}],"collection":[{"href":"https:\/\/morgan-mpc.fr\/index.php\/wp-json\/wp\/v2\/pages"}],"about":[{"href":"https:\/\/morgan-mpc.fr\/index.php\/wp-json\/wp\/v2\/types\/page"}],"author":[{"embeddable":true,"href":"https:\/\/morgan-mpc.fr\/index.php\/wp-json\/wp\/v2\/users\/1"}],"replies":[{"embeddable":true,"href":"https:\/\/morgan-mpc.fr\/index.php\/wp-json\/wp\/v2\/comments?post=249"}],"version-history":[{"count":11,"href":"https:\/\/morgan-mpc.fr\/index.php\/wp-json\/wp\/v2\/pages\/249\/revisions"}],"predecessor-version":[{"id":1207,"href":"https:\/\/morgan-mpc.fr\/index.php\/wp-json\/wp\/v2\/pages\/249\/revisions\/1207"}],"wp:attachment":[{"href":"https:\/\/morgan-mpc.fr\/index.php\/wp-json\/wp\/v2\/media?parent=249"}],"curies":[{"name":"wp","href":"https:\/\/api.w.org\/{rel}","templated":true}]}}